{"id":114,"date":"2015-11-05T10:49:30","date_gmt":"2015-11-05T09:49:30","guid":{"rendered":"http:\/\/92.205.129.62\/bmetallica\/?page_id=114"},"modified":"2017-08-31T09:12:03","modified_gmt":"2017-08-31T07:12:03","slug":"433mhz-temperatur-auslesen","status":"publish","type":"page","link":"https:\/\/www.bmetallica.de\/index.php\/433mhz-temperatur-auslesen\/","title":{"rendered":"433MHz Temperatur auslesen"},"content":{"rendered":"<h2 style=\"text-align: center;\">Auswerten eines 433MHz Temperatursensors mit pilight<\/h2>\n<p>&nbsp;<\/p>\n<h4 style=\"text-align: left;\"><span style=\"text-decoration: underline;\">Was wir ben\u00f6tigen:<\/span><\/h4>\n<table border=\"3\">\n<tbody>\n<tr>\n<td><a href=\"https:\/\/i0.wp.com\/92.205.129.62\/bmetallica\/wp-content\/uploads\/2015\/11\/71Wz-aGbLzL._SL1500_.jpg\" target=\"_blank\" rel=\"noopener noreferrer\"><img loading=\"lazy\" decoding=\"async\" data-attachment-id=\"91\" data-permalink=\"https:\/\/www.bmetallica.de\/index.php\/rpi-smarthome\/71wz-agblzl-_sl1500_\/\" data-orig-file=\"https:\/\/i0.wp.com\/www.bmetallica.de\/wp-content\/uploads\/2015\/11\/71Wz-aGbLzL._SL1500_.jpg?fit=1500%2C1500&amp;ssl=1\" data-orig-size=\"1500,1500\" data-comments-opened=\"1\" data-image-meta=\"{&quot;aperture&quot;:&quot;0&quot;,&quot;credit&quot;:&quot;&quot;,&quot;camera&quot;:&quot;&quot;,&quot;caption&quot;:&quot;&quot;,&quot;created_timestamp&quot;:&quot;0&quot;,&quot;copyright&quot;:&quot;&quot;,&quot;focal_length&quot;:&quot;0&quot;,&quot;iso&quot;:&quot;0&quot;,&quot;shutter_speed&quot;:&quot;0&quot;,&quot;title&quot;:&quot;&quot;,&quot;orientation&quot;:&quot;0&quot;}\" data-image-title=\"71Wz-aGbLzL._SL1500_\" data-image-description=\"\" data-image-caption=\"\" data-medium-file=\"https:\/\/i0.wp.com\/www.bmetallica.de\/wp-content\/uploads\/2015\/11\/71Wz-aGbLzL._SL1500_.jpg?fit=300%2C300&amp;ssl=1\" data-large-file=\"https:\/\/i0.wp.com\/www.bmetallica.de\/wp-content\/uploads\/2015\/11\/71Wz-aGbLzL._SL1500_.jpg?fit=676%2C676&amp;ssl=1\" class=\"aligncenter wp-image-91 size-medium\" src=\"https:\/\/i0.wp.com\/92.205.129.62\/bmetallica\/wp-content\/uploads\/2015\/11\/71Wz-aGbLzL._SL1500_-300x300.jpg?resize=300%2C300\" alt=\"71Wz-aGbLzL._SL1500_\" width=\"300\" height=\"300\" srcset=\"https:\/\/i0.wp.com\/www.bmetallica.de\/wp-content\/uploads\/2015\/11\/71Wz-aGbLzL._SL1500_.jpg?resize=300%2C300&amp;ssl=1 300w, https:\/\/i0.wp.com\/www.bmetallica.de\/wp-content\/uploads\/2015\/11\/71Wz-aGbLzL._SL1500_.jpg?resize=150%2C150&amp;ssl=1 150w, https:\/\/i0.wp.com\/www.bmetallica.de\/wp-content\/uploads\/2015\/11\/71Wz-aGbLzL._SL1500_.jpg?resize=1024%2C1024&amp;ssl=1 1024w, https:\/\/i0.wp.com\/www.bmetallica.de\/wp-content\/uploads\/2015\/11\/71Wz-aGbLzL._SL1500_.jpg?resize=945%2C945&amp;ssl=1 945w, https:\/\/i0.wp.com\/www.bmetallica.de\/wp-content\/uploads\/2015\/11\/71Wz-aGbLzL._SL1500_.jpg?resize=600%2C600&amp;ssl=1 600w, https:\/\/i0.wp.com\/www.bmetallica.de\/wp-content\/uploads\/2015\/11\/71Wz-aGbLzL._SL1500_.jpg?w=1500&amp;ssl=1 1500w, https:\/\/i0.wp.com\/www.bmetallica.de\/wp-content\/uploads\/2015\/11\/71Wz-aGbLzL._SL1500_.jpg?w=1352 1352w\" sizes=\"(max-width: 300px) 100vw, 300px\" data-recalc-dims=\"1\" \/><\/a><\/td>\n<td>\n<p id=\"title\" class=\"a-size-large a-spacing-none\"><span id=\"productTitle\" class=\"a-size-large\">Aukru 433 MHz Funk- Sende und Empf\u00e4nger Modul Superregeneration Wireless Transmitter-Modul Einbrecher Alarm 433M receiver module Burglar Alarm f\u00fcr Arduino Raspberry pi<\/span><\/p>\n<p class=\"a-size-large a-spacing-none\">(Amazon: <a href=\"http:\/\/www.amazon.de\/Aukru-Superregeneration-Transmitter-Modul-receiver-module\/dp\/B00OLI93IC\/ref=sr_1_1?ie=UTF8&amp;qid=1446477315&amp;sr=8-1&amp;keywords=raspberry+433\" target=\"_blank\" rel=\"noopener noreferrer\">LINK<\/a>)<\/p>\n<\/td>\n<\/tr>\n<tr>\n<td><a href=\"https:\/\/i0.wp.com\/92.205.129.62\/bmetallica\/wp-content\/uploads\/2015\/11\/61u9VeUQJIL._SL1291_.jpg\" target=\"_blank\" rel=\"noopener noreferrer\"><img loading=\"lazy\" decoding=\"async\" data-attachment-id=\"92\" data-permalink=\"https:\/\/www.bmetallica.de\/index.php\/rpi-smarthome\/61u9veuqjil-_sl1291_\/\" data-orig-file=\"https:\/\/i0.wp.com\/www.bmetallica.de\/wp-content\/uploads\/2015\/11\/61u9VeUQJIL._SL1291_.jpg?fit=831%2C1291&amp;ssl=1\" data-orig-size=\"831,1291\" data-comments-opened=\"1\" data-image-meta=\"{&quot;aperture&quot;:&quot;0&quot;,&quot;credit&quot;:&quot;&quot;,&quot;camera&quot;:&quot;&quot;,&quot;caption&quot;:&quot;&quot;,&quot;created_timestamp&quot;:&quot;0&quot;,&quot;copyright&quot;:&quot;&quot;,&quot;focal_length&quot;:&quot;0&quot;,&quot;iso&quot;:&quot;0&quot;,&quot;shutter_speed&quot;:&quot;0&quot;,&quot;title&quot;:&quot;&quot;,&quot;orientation&quot;:&quot;0&quot;}\" data-image-title=\"61u9VeUQJIL._SL1291_\" data-image-description=\"\" data-image-caption=\"\" data-medium-file=\"https:\/\/i0.wp.com\/www.bmetallica.de\/wp-content\/uploads\/2015\/11\/61u9VeUQJIL._SL1291_.jpg?fit=193%2C300&amp;ssl=1\" data-large-file=\"https:\/\/i0.wp.com\/www.bmetallica.de\/wp-content\/uploads\/2015\/11\/61u9VeUQJIL._SL1291_.jpg?fit=659%2C1024&amp;ssl=1\" class=\"aligncenter wp-image-92 size-medium\" src=\"https:\/\/i0.wp.com\/92.205.129.62\/bmetallica\/wp-content\/uploads\/2015\/11\/61u9VeUQJIL._SL1291_-193x300.jpg?resize=193%2C300\" alt=\"61u9VeUQJIL._SL1291_\" width=\"193\" height=\"300\" srcset=\"https:\/\/i0.wp.com\/www.bmetallica.de\/wp-content\/uploads\/2015\/11\/61u9VeUQJIL._SL1291_.jpg?resize=193%2C300&amp;ssl=1 193w, https:\/\/i0.wp.com\/www.bmetallica.de\/wp-content\/uploads\/2015\/11\/61u9VeUQJIL._SL1291_.jpg?resize=659%2C1024&amp;ssl=1 659w, https:\/\/i0.wp.com\/www.bmetallica.de\/wp-content\/uploads\/2015\/11\/61u9VeUQJIL._SL1291_.jpg?resize=600%2C932&amp;ssl=1 600w, https:\/\/i0.wp.com\/www.bmetallica.de\/wp-content\/uploads\/2015\/11\/61u9VeUQJIL._SL1291_.jpg?w=831&amp;ssl=1 831w\" sizes=\"(max-width: 193px) 100vw, 193px\" data-recalc-dims=\"1\" \/><\/a><\/td>\n<td>\n<p id=\"title\" class=\"a-size-large a-spacing-none\"><span id=\"productTitle\" class=\"a-size-large\">PEARL Funk-Au\u00dfensensor f\u00fcr Wetterstation<\/span><\/p>\n<p class=\"a-size-large a-spacing-none\">(Amazon: <a href=\"http:\/\/www.amazon.de\/PEARL-Funk-Au%C3%9Fensensor-f%C3%BCr-Wetterstation\/dp\/B009SW1LQ8\/ref=sr_1_4?ie=UTF8&amp;qid=1446477547&amp;sr=8-4&amp;keywords=433mhz+temperatur\" target=\"_blank\" rel=\"noopener noreferrer\">LINK<\/a>)<\/p>\n<\/td>\n<\/tr>\n<\/tbody>\n<\/table>\n<h5><span style=\"text-decoration: underline;\">Verkabelung des Senders\/Empf\u00e4ngers:<\/span><\/h5>\n<p><em>Verkabelung Sender Modul<strong> (nicht f\u00fcr das Auslesen notwendig)<\/strong><\/em><br \/>\n<em> DATA: <strong>Pin 11<\/strong> auf dem Raspberry Pi<\/em><br \/>\n<em> VCC: <strong>Pin 1<\/strong> auf dem Raspberry Pi (+3,3V)<\/em><br \/>\n<em> GND: <strong>Pin 6<\/strong> auf dem Raspberry (GND)<\/em><\/p>\n<p>Verkabelung Empf\u00e4nger<br \/>\nDATA: <strong>Pin 12<\/strong>\u00a0auf dem Raspberry<br \/>\nVCC: <strong>Pin 2<\/strong>\u00a0auf dem Raspberry Pi (+5V)<br \/>\nGND: <strong>Pin 6<\/strong> auf dem Raspberry (GND)<\/p>\n<p>&nbsp;<\/p>\n<h5><span style=\"text-decoration: underline;\">Installation PILIGHT:<\/span><\/h5>\n<pre class=\"lang:default decode:true\" title=\"pilight installation\">sudo nano \/etc\/apt\/sources.list\r\ndeb http:\/\/apt.pilight.org\/ stable main\r\nsudo wget -O - http:\/\/apt.pilight.org\/pilight.key | sudo apt-key add -\r\nsudo apt-get -y update\r\nsudo apt-get -y install pilight<\/pre>\n<p>&nbsp;<\/p>\n<h5><span style=\"text-decoration: underline;\">Grundkonfiguration PILIGHT:<\/span><\/h5>\n<pre class=\"lang:default decode:true \" title=\"Konfig\">sudo nano \/etc\/pilight\/config.json<\/pre>\n<p>hier werden folgende Einstellungen getroffen:<\/p>\n<pre class=\"lang:default decode:true\">{\r\n        \"devices\": {},\r\n        \"rules\": {},\r\n        \"gui\": {},\r\n        \"settings\": {\r\n                \"log-level\": 4,\r\n                \"pid-file\": \"\/var\/run\/pilight.pid\",\r\n                \"log-file\": \"\/var\/log\/pilight.log\",\r\n                \"send-repeats\": 10,\r\n                \"receive-repeats\": 1,\r\n                \"webserver-enable\": 1,\r\n                \"webserver-root\": \"\/usr\/local\/share\/pilight\/\",\r\n                \"webserver-port\": 5001,\r\n                \"webserver-cache\": 1,\r\n                \"firmware-update\": 0\r\n        },\r\n        \"hardware\": {\r\n                \"433gpio\": {\r\n<strong>                        <span style=\"color: #ff0000;\">\"sender\": 1,\r\n                        \"receiver\": 0<\/span><\/strong>\r\n                }\r\n        },\r\n        \"registry\": {\r\n                \"pilight\": {\r\n                        \"version\": {\r\n                                \"current\": \"5.0\"\r\n                        }\r\n                }\r\n        }\r\n<\/pre>\n<p>Die Einstellungen ,,sender&#8220; und ,,receiver&#8220; m\u00fcssen ge\u00e4ndert werden und an eure Pinbelegung angepasst werden.<\/p>\n<p>(0 entspricht Pin 11 und 1 entspricht PIN 12, laut <a href=\"http:\/\/wiringx.org\/\" target=\"_blank\" rel=\"noopener noreferrer\">WiringX<\/a> Pinbelegung)<\/p>\n<p>&nbsp;<\/p>\n<h5><span style=\"text-decoration: underline;\">Abfrage:<\/span><\/h5>\n<p>Um die Abfrage des Temperatursensors zu erm\u00f6glichen, habe ich ein \u00a0Script geschrieben, das nach der ID des Sensors (diese kann mit &#8222;<em>pilight-receive<\/em>&#8220; herausgefunden werden) filtert und die Ergebnisse dann in den Dateien &#8222;<strong>\/tmp\/Temperatur<\/strong>&#8220; und &#8222;<strong>\/tmp\/HUM<\/strong>&#8220; speichert.<\/p>\n<h6><span style=\"text-decoration: underline;\">Abfragescript \u00a0(SHELL) Speicherort:&#8220;\/root\/auswerte&#8220;:<\/span><\/h6>\n<pre class=\"lang:default decode:true\" title=\"433 shell\">#!\/bin\/sh\r\ndienst=`ps -aux |grep pilight-receive|wc -l`\r\nif [ \"$dienst\" -le 1 ]\r\nthen\r\npilight-receive &gt; \/tmp\/r-log 2&gt;&amp;1 &amp;\r\necho Dienst wurde neu gestartet\r\nfi\r\n\r\nte=`cat \/tmp\/r-log |grep 1288 -a --text -C 2|tail -n2|awk '{ print $2; }'|sed 's\/,\/\/g'`\r\nTEMP=`echo $te |awk '{print $1}'` &gt; \/tmp\/Temperatur\r\nHUM=`echo $te |awk '{print $2}'` &gt;\/tmp\/HUM\r\n\r\n\/\/echo $TEMP\r\n\/\/echo $HUM\r\n\r\necho 0 &gt; \/tmp\/r-log\r\n<\/pre>\n<p>&nbsp;<\/p>\n<p>Das Script muss nun mit &#8222;<em>chmod 777 \/root\/auswerte<\/em>&#8220; ausf\u00fchrbar gemacht werden.<\/p>\n<p>Um das Script nun regelm\u00e4\u00dfig aus zu f\u00fchren muss ein cronjob angelegt werden.<\/p>\n<h6><span style=\"text-decoration: underline;\">&#8222;<em>crontab -r<\/em>&#8220; zum anlegen des cronjobs:<\/span><\/h6>\n<pre class=\"lang:default decode:true\" title=\"abfrage PHP\">*\/2 * * * * \/root\/auswerte\r\n<\/pre>\n<p>&nbsp;<\/p>\n<h5><\/h5>\n<p>Die Ergebnisse werden nun alle 2 Minuten in\u00a0die beiden Dateien geschrieben.<\/p>\n","protected":false},"excerpt":{"rendered":"<p>Auswerten eines 433MHz Temperatursensors mit pilight &nbsp; Was wir ben\u00f6tigen: Aukru 433 MHz Funk- Sende und Empf\u00e4nger Modul Superregeneration Wireless Transmitter-Modul Einbrecher Alarm 433M receiver module Burglar Alarm f\u00fcr Arduino Raspberry pi (Amazon: LINK) PEARL Funk-Au\u00dfensensor f\u00fcr Wetterstation (Amazon: LINK)&#8230; <a class=\"more-link\" href=\"https:\/\/www.bmetallica.de\/index.php\/433mhz-temperatur-auslesen\/\">Continue Reading &rarr;<\/a><\/p>\n","protected":false},"author":1,"featured_media":0,"parent":0,"menu_order":0,"comment_status":"open","ping_status":"closed","template":"","meta":{"jetpack_post_was_ever_published":false,"footnotes":""},"yoast_head":"<!-- This site is optimized with the Yoast SEO plugin v20.9 - https:\/\/yoast.com\/wordpress\/plugins\/seo\/ -->\n<title>433MHz Temperatur auslesen - bmetallica.de<\/title>\n<meta name=\"description\" content=\"Das auslesen eines 433MHz Temperatursensors mittels pilight auf dem Raspberry\" \/>\n<meta name=\"robots\" content=\"index, follow, max-snippet:-1, max-image-preview:large, max-video-preview:-1\" \/>\n<link rel=\"canonical\" href=\"https:\/\/www.bmetallica.de\/index.php\/433mhz-temperatur-auslesen\/\" \/>\n<meta property=\"og:locale\" content=\"de_DE\" \/>\n<meta property=\"og:type\" content=\"article\" \/>\n<meta property=\"og:title\" content=\"433MHz Temperatur auslesen - bmetallica.de\" \/>\n<meta property=\"og:description\" content=\"Das auslesen eines 433MHz Temperatursensors mittels pilight auf dem Raspberry\" \/>\n<meta property=\"og:url\" content=\"https:\/\/www.bmetallica.de\/index.php\/433mhz-temperatur-auslesen\/\" \/>\n<meta property=\"og:site_name\" content=\"bmetallica.de\" \/>\n<meta property=\"article:modified_time\" content=\"2017-08-31T07:12:03+00:00\" \/>\n<meta property=\"og:image\" content=\"http:\/\/92.205.129.62\/bmetallica\/wp-content\/uploads\/2015\/11\/71Wz-aGbLzL._SL1500_-300x300.jpg\" \/>\n<meta name=\"twitter:card\" content=\"summary_large_image\" \/>\n<meta name=\"twitter:label1\" content=\"Gesch\u00e4tzte Lesezeit\" \/>\n\t<meta name=\"twitter:data1\" content=\"2 Minuten\" \/>\n<script type=\"application\/ld+json\" class=\"yoast-schema-graph\">{\"@context\":\"https:\/\/schema.org\",\"@graph\":[{\"@type\":\"WebPage\",\"@id\":\"https:\/\/www.bmetallica.de\/index.php\/433mhz-temperatur-auslesen\/\",\"url\":\"https:\/\/www.bmetallica.de\/index.php\/433mhz-temperatur-auslesen\/\",\"name\":\"433MHz Temperatur auslesen - bmetallica.de\",\"isPartOf\":{\"@id\":\"https:\/\/www.bmetallica.de\/#website\"},\"datePublished\":\"2015-11-05T09:49:30+00:00\",\"dateModified\":\"2017-08-31T07:12:03+00:00\",\"description\":\"Das auslesen eines 433MHz Temperatursensors mittels pilight auf dem Raspberry\",\"breadcrumb\":{\"@id\":\"https:\/\/www.bmetallica.de\/index.php\/433mhz-temperatur-auslesen\/#breadcrumb\"},\"inLanguage\":\"de-DE\",\"potentialAction\":[{\"@type\":\"ReadAction\",\"target\":[\"https:\/\/www.bmetallica.de\/index.php\/433mhz-temperatur-auslesen\/\"]}]},{\"@type\":\"BreadcrumbList\",\"@id\":\"https:\/\/www.bmetallica.de\/index.php\/433mhz-temperatur-auslesen\/#breadcrumb\",\"itemListElement\":[{\"@type\":\"ListItem\",\"position\":1,\"name\":\"Home\",\"item\":\"https:\/\/www.bmetallica.de\/\"},{\"@type\":\"ListItem\",\"position\":2,\"name\":\"433MHz Temperatur auslesen\"}]},{\"@type\":\"WebSite\",\"@id\":\"https:\/\/www.bmetallica.de\/#website\",\"url\":\"https:\/\/www.bmetallica.de\/\",\"name\":\"bmetallica.de\",\"description\":\"das Wissen der Welt geh\u00f6rt den Menschen\",\"publisher\":{\"@id\":\"https:\/\/www.bmetallica.de\/#\/schema\/person\/95f9265fa19015a54cb0537aad39bf97\"},\"potentialAction\":[{\"@type\":\"SearchAction\",\"target\":{\"@type\":\"EntryPoint\",\"urlTemplate\":\"https:\/\/www.bmetallica.de\/?s={search_term_string}\"},\"query-input\":\"required name=search_term_string\"}],\"inLanguage\":\"de-DE\"},{\"@type\":[\"Person\",\"Organization\"],\"@id\":\"https:\/\/www.bmetallica.de\/#\/schema\/person\/95f9265fa19015a54cb0537aad39bf97\",\"name\":\"bmetallica\",\"image\":{\"@type\":\"ImageObject\",\"inLanguage\":\"de-DE\",\"@id\":\"https:\/\/www.bmetallica.de\/#\/schema\/person\/image\/\",\"url\":\"https:\/\/secure.gravatar.com\/avatar\/f65d4d63669df7a43505e3fc4e0e353b?s=96&d=mm&r=g\",\"contentUrl\":\"https:\/\/secure.gravatar.com\/avatar\/f65d4d63669df7a43505e3fc4e0e353b?s=96&d=mm&r=g\",\"caption\":\"bmetallica\"},\"logo\":{\"@id\":\"https:\/\/www.bmetallica.de\/#\/schema\/person\/image\/\"}}]}<\/script>\n<!-- \/ Yoast SEO plugin. -->","yoast_head_json":{"title":"433MHz Temperatur auslesen - bmetallica.de","description":"Das auslesen eines 433MHz Temperatursensors mittels pilight auf dem Raspberry","robots":{"index":"index","follow":"follow","max-snippet":"max-snippet:-1","max-image-preview":"max-image-preview:large","max-video-preview":"max-video-preview:-1"},"canonical":"https:\/\/www.bmetallica.de\/index.php\/433mhz-temperatur-auslesen\/","og_locale":"de_DE","og_type":"article","og_title":"433MHz Temperatur auslesen - bmetallica.de","og_description":"Das auslesen eines 433MHz Temperatursensors mittels pilight auf dem Raspberry","og_url":"https:\/\/www.bmetallica.de\/index.php\/433mhz-temperatur-auslesen\/","og_site_name":"bmetallica.de","article_modified_time":"2017-08-31T07:12:03+00:00","og_image":[{"url":"http:\/\/92.205.129.62\/bmetallica\/wp-content\/uploads\/2015\/11\/71Wz-aGbLzL._SL1500_-300x300.jpg"}],"twitter_card":"summary_large_image","twitter_misc":{"Gesch\u00e4tzte Lesezeit":"2 Minuten"},"schema":{"@context":"https:\/\/schema.org","@graph":[{"@type":"WebPage","@id":"https:\/\/www.bmetallica.de\/index.php\/433mhz-temperatur-auslesen\/","url":"https:\/\/www.bmetallica.de\/index.php\/433mhz-temperatur-auslesen\/","name":"433MHz Temperatur auslesen - bmetallica.de","isPartOf":{"@id":"https:\/\/www.bmetallica.de\/#website"},"datePublished":"2015-11-05T09:49:30+00:00","dateModified":"2017-08-31T07:12:03+00:00","description":"Das auslesen eines 433MHz Temperatursensors mittels pilight auf dem Raspberry","breadcrumb":{"@id":"https:\/\/www.bmetallica.de\/index.php\/433mhz-temperatur-auslesen\/#breadcrumb"},"inLanguage":"de-DE","potentialAction":[{"@type":"ReadAction","target":["https:\/\/www.bmetallica.de\/index.php\/433mhz-temperatur-auslesen\/"]}]},{"@type":"BreadcrumbList","@id":"https:\/\/www.bmetallica.de\/index.php\/433mhz-temperatur-auslesen\/#breadcrumb","itemListElement":[{"@type":"ListItem","position":1,"name":"Home","item":"https:\/\/www.bmetallica.de\/"},{"@type":"ListItem","position":2,"name":"433MHz Temperatur auslesen"}]},{"@type":"WebSite","@id":"https:\/\/www.bmetallica.de\/#website","url":"https:\/\/www.bmetallica.de\/","name":"bmetallica.de","description":"das Wissen der Welt geh\u00f6rt den Menschen","publisher":{"@id":"https:\/\/www.bmetallica.de\/#\/schema\/person\/95f9265fa19015a54cb0537aad39bf97"},"potentialAction":[{"@type":"SearchAction","target":{"@type":"EntryPoint","urlTemplate":"https:\/\/www.bmetallica.de\/?s={search_term_string}"},"query-input":"required name=search_term_string"}],"inLanguage":"de-DE"},{"@type":["Person","Organization"],"@id":"https:\/\/www.bmetallica.de\/#\/schema\/person\/95f9265fa19015a54cb0537aad39bf97","name":"bmetallica","image":{"@type":"ImageObject","inLanguage":"de-DE","@id":"https:\/\/www.bmetallica.de\/#\/schema\/person\/image\/","url":"https:\/\/secure.gravatar.com\/avatar\/f65d4d63669df7a43505e3fc4e0e353b?s=96&d=mm&r=g","contentUrl":"https:\/\/secure.gravatar.com\/avatar\/f65d4d63669df7a43505e3fc4e0e353b?s=96&d=mm&r=g","caption":"bmetallica"},"logo":{"@id":"https:\/\/www.bmetallica.de\/#\/schema\/person\/image\/"}}]}},"jetpack_sharing_enabled":true,"jetpack_shortlink":"https:\/\/wp.me\/P8uhVF-1Q","jetpack-related-posts":[{"id":86,"url":"https:\/\/www.bmetallica.de\/index.php\/rpi-smarthome\/","url_meta":{"origin":114,"position":0},"title":"RPI SmartHome","author":"bmetallica","date":"2. November 2015","format":false,"excerpt":"Raspberry zur Haussteuerung (Smarthome) \u00a0 Interface: Als Display dient ein ,,3.2\" TFT LCD Touch Screen Display Monitor + Case + Heatsinks For Raspberry Pi B+\" (z.B. Ebay: LINK\u00a0ca. 19\u20ac) an einem ,,Raspberry PI V1 Model B\". Um die 3 Buttons am oberen Bildschirmrand ab zu fragen, verwende ich ein Python-Script,\u2026","rel":"","context":"\u00c4hnlicher Beitrag","block_context":{"text":"\u00c4hnlicher Beitrag","link":""},"img":{"alt_text":"IMG_20150117_175959","src":"https:\/\/i0.wp.com\/bmetallica.de\/wp-content\/uploads\/2015\/11\/IMG_20150117_1759591-645x1024.jpg?resize=350%2C200","width":350,"height":200},"classes":[]},{"id":271,"url":"https:\/\/www.bmetallica.de\/index.php\/alexa-433-mhz-und-domoticz\/","url_meta":{"origin":114,"position":1},"title":"Alexa, 433 MHz und Domoticz","author":"bmetallica","date":"3. November 2017","format":false,"excerpt":"Alexa, 433 MHz und Domoticz \u00a0 Ziel des Projekts: Ziel des Projekts war es eine kosteng\u00fcnstige M\u00f6glichkeit zu finden, eine sprachgesteuerte Lichtsteuerung innerhalb einer Wohnung zu realisieren. Es sollten dabei keine Cloud-Dienste (ausgenommen der Amazon Cloud zur Spracherkennung) verwendet werden um einen h\u00f6heren Sicherheitsfaktor und eine unabh\u00e4ngigere Umgebung zu schaffen.\u2026","rel":"","context":"In &quot;Allgemein&quot;","block_context":{"text":"Allgemein","link":"https:\/\/www.bmetallica.de\/index.php\/category\/allgemein\/"},"img":{"alt_text":"","src":"https:\/\/i0.wp.com\/92.205.129.62\/bmetallica\/wp-content\/uploads\/2015\/11\/71Wz-aGbLzL._SL1500_-300x300.jpg?resize=350%2C200","width":350,"height":200},"classes":[]}],"_links":{"self":[{"href":"https:\/\/www.bmetallica.de\/index.php\/wp-json\/wp\/v2\/pages\/114"}],"collection":[{"href":"https:\/\/www.bmetallica.de\/index.php\/wp-json\/wp\/v2\/pages"}],"about":[{"href":"https:\/\/www.bmetallica.de\/index.php\/wp-json\/wp\/v2\/types\/page"}],"author":[{"embeddable":true,"href":"https:\/\/www.bmetallica.de\/index.php\/wp-json\/wp\/v2\/users\/1"}],"replies":[{"embeddable":true,"href":"https:\/\/www.bmetallica.de\/index.php\/wp-json\/wp\/v2\/comments?post=114"}],"version-history":[{"count":13,"href":"https:\/\/www.bmetallica.de\/index.php\/wp-json\/wp\/v2\/pages\/114\/revisions"}],"predecessor-version":[{"id":266,"href":"https:\/\/www.bmetallica.de\/index.php\/wp-json\/wp\/v2\/pages\/114\/revisions\/266"}],"wp:attachment":[{"href":"https:\/\/www.bmetallica.de\/index.php\/wp-json\/wp\/v2\/media?parent=114"}],"curies":[{"name":"wp","href":"https:\/\/api.w.org\/{rel}","templated":true}]}}