{"id":330,"date":"2018-05-23T17:01:18","date_gmt":"2018-05-23T15:01:18","guid":{"rendered":"http:\/\/www.bmetallica.de\/?page_id=330"},"modified":"2018-05-23T17:01:18","modified_gmt":"2018-05-23T15:01:18","slug":"dauer-speedtest-mit-dem-pi","status":"publish","type":"page","link":"https:\/\/www.bmetallica.de\/index.php\/dauer-speedtest-mit-dem-pi\/","title":{"rendered":"Dauer Speedtest mit dem PI"},"content":{"rendered":"<h1>Dauer Speedtest mit dem PI<\/h1>\n<p><em><strong>Ziel ist es eine St\u00fcndliche \u00dcbersicht \u00fcber die eigene aktuelle Bandbreite zu bekommen.<\/strong><\/em><\/p>\n<p>&nbsp;<\/p>\n<p><strong>Dazu wird ben\u00f6tigt:<\/strong><\/p>\n<ol>\n<li>Ein Raspberry PI (Ich empfehle mindestens die Version 2 da eine gewisse Leistung ben\u00f6tigt wird und das Ergebnis ansonsten verf\u00e4lscht werden k\u00f6nnte)<\/li>\n<li>1 SD-Karte min. 8GB<\/li>\n<li>Netzteil sowie Microusb-Kabel<\/li>\n<li>Netzwerkkabel<\/li>\n<\/ol>\n<p>&nbsp;<\/p>\n<p>Zuerst muss die SD-Karte mit dem aktuellen Raspbian bespielt werden.<\/p>\n<p>Danach k\u00f6nnen dann die Benutzereigenen Einstellungen (z.B. feste IP-Adresse) getroffen werden.<\/p>\n<p>Ist das geschehen sollte der Raspberry mit &#8222;apt-get update&#8220; und &#8222;apt-get upgrade&#8220; auf einen aktuellen Stand gebracht werden.<\/p>\n<p>&nbsp;<\/p>\n<p>Als n\u00e4chstes m\u00fcssen die ben\u00f6tigten Softwarekomponenten installiert werden.<\/p>\n<p>Dies geschieht mittels:<\/p>\n<pre class=\"lang:default decode:true\">sudo apt-get install apache2 php5 mysql-server mysql-client php5-mysql python-pip\r\n\r\nsudo pip install speedtest-cli<\/pre>\n<p><strong>ACHTUNG: Das Passwort f\u00fcr Mysql bitte unbedingt notieren!<\/strong><\/p>\n<p><em>Jetzt sollte es m\u00f6glich sein mittels dem Befehl &#8222;speedtest-cli&#8220; manuell einen Speedtest aus zu l\u00f6sen.<\/em><\/p>\n<p>&nbsp;<\/p>\n<p>Nun wird eine Datenbank und eine Tabelle f\u00fcr den Speedtest angelegt:<\/p>\n<pre class=\"lang:default decode:true\">echo \"create database speed;\" |mysql -uroot -p\"IHR PASSWORT\";\r\n\r\necho \"CREATE TABLE stest (\r\nid INT(6) UNSIGNED AUTO_INCREMENT PRIMARY KEY,\r\nj VARCHAR(30) NOT NULL,\r\nm VARCHAR(30) NOT NULL,\r\nt VARCHAR(30) NOT NULL,\r\ns VARCHAR(30) NOT NULL,\r\nmi VARCHAR(30) NOT NULL,\r\ndown VARCHAR(30) NOT NULL,\r\nup VARCHAR(30) NOT NULL,\r\nping VARCHAR(30) NOT NULL,\r\nreg_date TIMESTAMP\r\n);\" |mysql -uroot -p\"IHR PASSWORT\" speed;<\/pre>\n<p>&nbsp;<\/p>\n<p>Als n\u00e4chstes ben\u00f6tigen wir ein Script das uns die ermittelten Daten auswertet und in die Datenbank schreibt:<\/p>\n<p><strong>( \/local\/speedtest\/stest.sh)<\/strong><\/p>\n<pre class=\"lang:default decode:true\">j=`date +%Y`\r\nm=`date +%m`\r\nt=`date +%d`\r\ns=`date +%H`\r\nmi=`date +%M`\r\n\/usr\/local\/bin\/speedtest-cli &gt; \/local\/speedtest\/erg.log 2&gt;&amp;1\r\ncat \/local\/speedtest\/erg.log |grep Download:| awk '{print $2}' &gt;\/local\/speedtest\/down\r\ncat \/local\/speedtest\/erg.log |grep Upload:| awk '{print $2}' &gt;\/local\/speedtest\/up\r\ncat \/local\/speedtest\/erg.log |grep ms| awk 'NF &amp;&amp; NF-1 { print ( $(NF-1) ) }' &gt;\/local\/speedtest\/pin\r\ndow=`cat \/local\/speedtest\/down`\r\nup=`cat \/local\/speedtest\/up`\r\npi=`cat \/local\/speedtest\/pin`\r\n\r\n\r\necho \"INSERT INTO stest (j,m,t,s,mi,down,up,ping) VALUES ('$j', '$m', '$t', '$s', '$mi', '$dow', '$up', '$pi');\" |mysql -uroot -p\"IHR PASSWORT\" speed;<\/pre>\n<p>Das Script wird im Anschluss mittels &#8222;chmod 777 \/local\/speedtest\/stest.sh&#8220; ausf\u00fchrbar gemacht.<\/p>\n<p>&nbsp;<\/p>\n<p>Zum Schluss wird dann noch ein Crontab angelegt der Das Script immer zur vollen Stunde ausf\u00fchrt.<\/p>\n<p>&#8222;crontab -e&#8220;<\/p>\n<pre class=\"lang:default decode:true \">0 * * * * \/local\/speedtest\/stest.sh &gt; \/dev\/null 2&gt;&amp;1<\/pre>\n<p>&nbsp;<\/p>\n<p>In der Datenbank wird nun jede Stunde das Ergebnis des Speedtest abgelegt und kann von dort aus weiter verarbeitet werden.<\/p>\n<p>Eine Ausgabe der Tabelle mittels:<\/p>\n<pre class=\"lang:default decode:true \">echo \"select * from stest;\" |mysql -uroot -p\"IHR PASSWORT\" speed;<\/pre>\n<p>Sieht dann in etwa so aus:<\/p>\n<pre class=\"lang:default decode:true \">id      j       m       t       s       mi      down    up      ping    reg_date\r\n1       2018    05      23      11      03      93.19   6.00    17.402  2018-05-23 10:03:32\r\n2       2018    05      23      12      05      93.19   6.00    17.402  2018-05-23 10:05:04\r\n<\/pre>\n<p>&nbsp;<\/p>\n","protected":false},"excerpt":{"rendered":"<p>Dauer Speedtest mit dem PI Ziel ist es eine St\u00fcndliche \u00dcbersicht \u00fcber die eigene aktuelle Bandbreite zu bekommen. &nbsp; Dazu wird ben\u00f6tigt: Ein Raspberry PI (Ich empfehle mindestens die Version 2 da eine gewisse Leistung ben\u00f6tigt wird und das Ergebnis&#8230; <a class=\"more-link\" href=\"https:\/\/www.bmetallica.de\/index.php\/dauer-speedtest-mit-dem-pi\/\">Continue Reading &rarr;<\/a><\/p>\n","protected":false},"author":1,"featured_media":0,"parent":0,"menu_order":0,"comment_status":"closed","ping_status":"closed","template":"","meta":{"jetpack_post_was_ever_published":false,"footnotes":""},"yoast_head":"<!-- This site is optimized with the Yoast SEO plugin v20.9 - https:\/\/yoast.com\/wordpress\/plugins\/seo\/ -->\n<title>Dauer Speedtest mit dem PI - bmetallica.de<\/title>\n<meta name=\"robots\" content=\"index, follow, max-snippet:-1, max-image-preview:large, max-video-preview:-1\" \/>\n<link rel=\"canonical\" href=\"https:\/\/www.bmetallica.de\/index.php\/dauer-speedtest-mit-dem-pi\/\" \/>\n<meta property=\"og:locale\" content=\"de_DE\" \/>\n<meta property=\"og:type\" content=\"article\" \/>\n<meta property=\"og:title\" content=\"Dauer Speedtest mit dem PI - bmetallica.de\" \/>\n<meta property=\"og:description\" content=\"Dauer Speedtest mit dem PI Ziel ist es eine St\u00fcndliche \u00dcbersicht \u00fcber die eigene aktuelle Bandbreite zu bekommen. &nbsp; Dazu wird ben\u00f6tigt: Ein Raspberry PI (Ich empfehle mindestens die Version 2 da eine gewisse Leistung ben\u00f6tigt wird und das Ergebnis... Continue Reading &rarr;\" \/>\n<meta property=\"og:url\" content=\"https:\/\/www.bmetallica.de\/index.php\/dauer-speedtest-mit-dem-pi\/\" \/>\n<meta property=\"og:site_name\" content=\"bmetallica.de\" \/>\n<meta name=\"twitter:card\" content=\"summary_large_image\" \/>\n<meta name=\"twitter:label1\" content=\"Gesch\u00e4tzte Lesezeit\" \/>\n\t<meta name=\"twitter:data1\" content=\"2 Minuten\" \/>\n<script type=\"application\/ld+json\" class=\"yoast-schema-graph\">{\"@context\":\"https:\/\/schema.org\",\"@graph\":[{\"@type\":\"WebPage\",\"@id\":\"https:\/\/www.bmetallica.de\/index.php\/dauer-speedtest-mit-dem-pi\/\",\"url\":\"https:\/\/www.bmetallica.de\/index.php\/dauer-speedtest-mit-dem-pi\/\",\"name\":\"Dauer Speedtest mit dem PI - bmetallica.de\",\"isPartOf\":{\"@id\":\"https:\/\/www.bmetallica.de\/#website\"},\"datePublished\":\"2018-05-23T15:01:18+00:00\",\"dateModified\":\"2018-05-23T15:01:18+00:00\",\"breadcrumb\":{\"@id\":\"https:\/\/www.bmetallica.de\/index.php\/dauer-speedtest-mit-dem-pi\/#breadcrumb\"},\"inLanguage\":\"de-DE\",\"potentialAction\":[{\"@type\":\"ReadAction\",\"target\":[\"https:\/\/www.bmetallica.de\/index.php\/dauer-speedtest-mit-dem-pi\/\"]}]},{\"@type\":\"BreadcrumbList\",\"@id\":\"https:\/\/www.bmetallica.de\/index.php\/dauer-speedtest-mit-dem-pi\/#breadcrumb\",\"itemListElement\":[{\"@type\":\"ListItem\",\"position\":1,\"name\":\"Home\",\"item\":\"https:\/\/www.bmetallica.de\/\"},{\"@type\":\"ListItem\",\"position\":2,\"name\":\"Dauer Speedtest mit dem PI\"}]},{\"@type\":\"WebSite\",\"@id\":\"https:\/\/www.bmetallica.de\/#website\",\"url\":\"https:\/\/www.bmetallica.de\/\",\"name\":\"bmetallica.de\",\"description\":\"das Wissen der Welt geh\u00f6rt den Menschen\",\"publisher\":{\"@id\":\"https:\/\/www.bmetallica.de\/#\/schema\/person\/95f9265fa19015a54cb0537aad39bf97\"},\"potentialAction\":[{\"@type\":\"SearchAction\",\"target\":{\"@type\":\"EntryPoint\",\"urlTemplate\":\"https:\/\/www.bmetallica.de\/?s={search_term_string}\"},\"query-input\":\"required name=search_term_string\"}],\"inLanguage\":\"de-DE\"},{\"@type\":[\"Person\",\"Organization\"],\"@id\":\"https:\/\/www.bmetallica.de\/#\/schema\/person\/95f9265fa19015a54cb0537aad39bf97\",\"name\":\"bmetallica\",\"image\":{\"@type\":\"ImageObject\",\"inLanguage\":\"de-DE\",\"@id\":\"https:\/\/www.bmetallica.de\/#\/schema\/person\/image\/\",\"url\":\"https:\/\/secure.gravatar.com\/avatar\/f65d4d63669df7a43505e3fc4e0e353b?s=96&d=mm&r=g\",\"contentUrl\":\"https:\/\/secure.gravatar.com\/avatar\/f65d4d63669df7a43505e3fc4e0e353b?s=96&d=mm&r=g\",\"caption\":\"bmetallica\"},\"logo\":{\"@id\":\"https:\/\/www.bmetallica.de\/#\/schema\/person\/image\/\"}}]}<\/script>\n<!-- \/ Yoast SEO plugin. -->","yoast_head_json":{"title":"Dauer Speedtest mit dem PI - bmetallica.de","robots":{"index":"index","follow":"follow","max-snippet":"max-snippet:-1","max-image-preview":"max-image-preview:large","max-video-preview":"max-video-preview:-1"},"canonical":"https:\/\/www.bmetallica.de\/index.php\/dauer-speedtest-mit-dem-pi\/","og_locale":"de_DE","og_type":"article","og_title":"Dauer Speedtest mit dem PI - bmetallica.de","og_description":"Dauer Speedtest mit dem PI Ziel ist es eine St\u00fcndliche \u00dcbersicht \u00fcber die eigene aktuelle Bandbreite zu bekommen. &nbsp; Dazu wird ben\u00f6tigt: Ein Raspberry PI (Ich empfehle mindestens die Version 2 da eine gewisse Leistung ben\u00f6tigt wird und das Ergebnis... Continue Reading &rarr;","og_url":"https:\/\/www.bmetallica.de\/index.php\/dauer-speedtest-mit-dem-pi\/","og_site_name":"bmetallica.de","twitter_card":"summary_large_image","twitter_misc":{"Gesch\u00e4tzte Lesezeit":"2 Minuten"},"schema":{"@context":"https:\/\/schema.org","@graph":[{"@type":"WebPage","@id":"https:\/\/www.bmetallica.de\/index.php\/dauer-speedtest-mit-dem-pi\/","url":"https:\/\/www.bmetallica.de\/index.php\/dauer-speedtest-mit-dem-pi\/","name":"Dauer Speedtest mit dem PI - bmetallica.de","isPartOf":{"@id":"https:\/\/www.bmetallica.de\/#website"},"datePublished":"2018-05-23T15:01:18+00:00","dateModified":"2018-05-23T15:01:18+00:00","breadcrumb":{"@id":"https:\/\/www.bmetallica.de\/index.php\/dauer-speedtest-mit-dem-pi\/#breadcrumb"},"inLanguage":"de-DE","potentialAction":[{"@type":"ReadAction","target":["https:\/\/www.bmetallica.de\/index.php\/dauer-speedtest-mit-dem-pi\/"]}]},{"@type":"BreadcrumbList","@id":"https:\/\/www.bmetallica.de\/index.php\/dauer-speedtest-mit-dem-pi\/#breadcrumb","itemListElement":[{"@type":"ListItem","position":1,"name":"Home","item":"https:\/\/www.bmetallica.de\/"},{"@type":"ListItem","position":2,"name":"Dauer Speedtest mit dem PI"}]},{"@type":"WebSite","@id":"https:\/\/www.bmetallica.de\/#website","url":"https:\/\/www.bmetallica.de\/","name":"bmetallica.de","description":"das Wissen der Welt geh\u00f6rt den Menschen","publisher":{"@id":"https:\/\/www.bmetallica.de\/#\/schema\/person\/95f9265fa19015a54cb0537aad39bf97"},"potentialAction":[{"@type":"SearchAction","target":{"@type":"EntryPoint","urlTemplate":"https:\/\/www.bmetallica.de\/?s={search_term_string}"},"query-input":"required name=search_term_string"}],"inLanguage":"de-DE"},{"@type":["Person","Organization"],"@id":"https:\/\/www.bmetallica.de\/#\/schema\/person\/95f9265fa19015a54cb0537aad39bf97","name":"bmetallica","image":{"@type":"ImageObject","inLanguage":"de-DE","@id":"https:\/\/www.bmetallica.de\/#\/schema\/person\/image\/","url":"https:\/\/secure.gravatar.com\/avatar\/f65d4d63669df7a43505e3fc4e0e353b?s=96&d=mm&r=g","contentUrl":"https:\/\/secure.gravatar.com\/avatar\/f65d4d63669df7a43505e3fc4e0e353b?s=96&d=mm&r=g","caption":"bmetallica"},"logo":{"@id":"https:\/\/www.bmetallica.de\/#\/schema\/person\/image\/"}}]}},"jetpack_sharing_enabled":true,"jetpack_shortlink":"https:\/\/wp.me\/P8uhVF-5k","jetpack-related-posts":[{"id":271,"url":"https:\/\/www.bmetallica.de\/index.php\/alexa-433-mhz-und-domoticz\/","url_meta":{"origin":330,"position":0},"title":"Alexa, 433 MHz und Domoticz","author":"bmetallica","date":"3. November 2017","format":false,"excerpt":"Alexa, 433 MHz und Domoticz \u00a0 Ziel des Projekts: Ziel des Projekts war es eine kosteng\u00fcnstige M\u00f6glichkeit zu finden, eine sprachgesteuerte Lichtsteuerung innerhalb einer Wohnung zu realisieren. Es sollten dabei keine Cloud-Dienste (ausgenommen der Amazon Cloud zur Spracherkennung) verwendet werden um einen h\u00f6heren Sicherheitsfaktor und eine unabh\u00e4ngigere Umgebung zu schaffen.\u2026","rel":"","context":"In &quot;Allgemein&quot;","block_context":{"text":"Allgemein","link":"https:\/\/www.bmetallica.de\/index.php\/category\/allgemein\/"},"img":{"alt_text":"","src":"https:\/\/i0.wp.com\/92.205.129.62\/bmetallica\/wp-content\/uploads\/2015\/11\/71Wz-aGbLzL._SL1500_-300x300.jpg?resize=350%2C200","width":350,"height":200},"classes":[]},{"id":114,"url":"https:\/\/www.bmetallica.de\/index.php\/433mhz-temperatur-auslesen\/","url_meta":{"origin":330,"position":1},"title":"433MHz Temperatur auslesen","author":"bmetallica","date":"5. November 2015","format":false,"excerpt":"Auswerten eines 433MHz Temperatursensors mit pilight \u00a0 Was wir ben\u00f6tigen: Aukru 433 MHz Funk- Sende und Empf\u00e4nger Modul Superregeneration Wireless Transmitter-Modul Einbrecher Alarm 433M receiver module Burglar Alarm f\u00fcr Arduino Raspberry pi (Amazon: LINK) PEARL Funk-Au\u00dfensensor f\u00fcr Wetterstation (Amazon: LINK) Verkabelung des Senders\/Empf\u00e4ngers: Verkabelung Sender Modul (nicht f\u00fcr das Auslesen\u2026","rel":"","context":"Mit 6 Kommentaren","block_context":{"text":"Mit 6 Kommentaren","link":"https:\/\/www.bmetallica.de\/index.php\/433mhz-temperatur-auslesen\/#comments"},"img":{"alt_text":"","src":"https:\/\/i0.wp.com\/92.205.129.62\/bmetallica\/wp-content\/uploads\/2015\/11\/71Wz-aGbLzL._SL1500_-300x300.jpg?resize=350%2C200","width":350,"height":200},"classes":[]},{"id":147,"url":"https:\/\/www.bmetallica.de\/index.php\/map-server-debian-8\/","url_meta":{"origin":330,"position":2},"title":"Map-Server Debian 8","author":"bmetallica","date":"15. November 2015","format":false,"excerpt":"Map-Server Debian 8 Vorwort: Was ist ein Mapserver? Mit einem Mapserver wird Kartenmaterial, das zum Beispiel aus Datenbanken abgerufen wird, bereitgestellt ,um es dann in GIS Anwendungen (z.B. Desktop-GIS: QGIS\u00a0\u00a0 WEB-GIS: Mapbender ) darstellen zu lassen. \u00a0 Woraus besteht ein Kartendienst (WMS)? In einem WMS wird die Darstellung eines Karteninhalts\u2026","rel":"","context":"\u00c4hnlicher Beitrag","block_context":{"text":"\u00c4hnlicher Beitrag","link":""},"img":{"alt_text":"","src":"","width":0,"height":0},"classes":[]},{"id":230,"url":"https:\/\/www.bmetallica.de\/index.php\/dba-logger-mit-dem-raspberry-pi\/","url_meta":{"origin":330,"position":3},"title":"db(A) logger mit dem Raspberry PI","author":"bmetallica","date":"15. Februar 2019","format":false,"excerpt":"db(A) logger mit dem Raspberry PI F\u00fcr unser allj\u00e4hrliches Festival ( ROCKFREUNDE.DE ) wollte ich interessehalber mal eine Auswertung des Ger\u00e4uschpegels auf unserem Festivalgel\u00e4nde machen. Daraus entstand dann folgendes Projekt. Ziel ist das speichern und auswerten von Lautst\u00e4rkewerten \u00fcber einen l\u00e4ngeren Zeitraum \u00a0 Was wir ben\u00f6tigen: Raspberry PI V3, Netzteil\u2026","rel":"","context":"\u00c4hnlicher Beitrag","block_context":{"text":"\u00c4hnlicher Beitrag","link":""},"img":{"alt_text":"dba","src":"https:\/\/i0.wp.com\/bmetallica.de\/wp-content\/uploads\/2017\/02\/dba-1024x327.jpg?resize=350%2C200","width":350,"height":200},"classes":[]},{"id":359,"url":"https:\/\/www.bmetallica.de\/index.php\/hochzeitsbilder-upload\/","url_meta":{"origin":330,"position":4},"title":"Hochzeitsbilder-Upload","author":"bmetallica","date":"18. M\u00e4rz 2019","format":false,"excerpt":"Hochzeitsbilder-Upload Zweck des Projektes: Ein Freund hat mich gebeten eine M\u00f6glichkeit zu schaffen, damit seine Hochzeitsg\u00e4ste ihre Bilder mittels Smartphone mit ihm teilen k\u00f6nnen. \u00a0 Implementierte Funktionen: Bilderupload via Wlan Bilderupload via Bluetooth Live-Slideshow der Bilder \u00fcber HDMI Automount f\u00fcr USB-Speichermedien (FAT, FAT32, vFAT und NTFS) Update 29.03.2019: Admin-Webinterface (um\u2026","rel":"","context":"Mit 5 Kommentaren","block_context":{"text":"Mit 5 Kommentaren","link":"https:\/\/www.bmetallica.de\/index.php\/hochzeitsbilder-upload\/#comments"},"img":{"alt_text":"","src":"https:\/\/i0.wp.com\/www.bmetallica.de\/wp-content\/uploads\/2019\/03\/hochzeitsbilder.jpg?fit=535%2C765&ssl=1&resize=350%2C200","width":350,"height":200},"classes":[]},{"id":166,"url":"https:\/\/www.bmetallica.de\/index.php\/mediacenter-pi-v2\/","url_meta":{"origin":330,"position":5},"title":"Mediacenter PI V2","author":"bmetallica","date":"8. Dezember 2015","format":false,"excerpt":"Ein Mediacenter mit dem Raspberry PI V2 \u00a0 Was wir brauchen: OSMC Installation (f\u00fcr Windows) Raspberry PI V2 MicroUSB Netzteil (z.B.) MicroSD (z.B.) WlanStick\u00a0(z.B.) HDMI-Kabel\u00a0(z.B.) TV mit HDMI-Eingang \u00a0 Installation unter Windows:\u00a0 Die MicroSD-Karte mit dem PC verbinden (z.B. mit einem USB zu MicroSD Adapter) Die Heruntergeladene \"osmc-installer.exe\" starten Einbau:\u2026","rel":"","context":"\u00c4hnlicher Beitrag","block_context":{"text":"\u00c4hnlicher Beitrag","link":""},"img":{"alt_text":"","src":"https:\/\/i0.wp.com\/92.205.129.62\/bmetallica\/wp-content\/uploads\/2015\/12\/2-300x237.png?resize=350%2C200","width":350,"height":200},"classes":[]}],"_links":{"self":[{"href":"https:\/\/www.bmetallica.de\/index.php\/wp-json\/wp\/v2\/pages\/330"}],"collection":[{"href":"https:\/\/www.bmetallica.de\/index.php\/wp-json\/wp\/v2\/pages"}],"about":[{"href":"https:\/\/www.bmetallica.de\/index.php\/wp-json\/wp\/v2\/types\/page"}],"author":[{"embeddable":true,"href":"https:\/\/www.bmetallica.de\/index.php\/wp-json\/wp\/v2\/users\/1"}],"replies":[{"embeddable":true,"href":"https:\/\/www.bmetallica.de\/index.php\/wp-json\/wp\/v2\/comments?post=330"}],"version-history":[{"count":1,"href":"https:\/\/www.bmetallica.de\/index.php\/wp-json\/wp\/v2\/pages\/330\/revisions"}],"predecessor-version":[{"id":331,"href":"https:\/\/www.bmetallica.de\/index.php\/wp-json\/wp\/v2\/pages\/330\/revisions\/331"}],"wp:attachment":[{"href":"https:\/\/www.bmetallica.de\/index.php\/wp-json\/wp\/v2\/media?parent=330"}],"curies":[{"name":"wp","href":"https:\/\/api.w.org\/{rel}","templated":true}]}}