{"id":359,"date":"2019-03-18T19:34:21","date_gmt":"2019-03-18T18:34:21","guid":{"rendered":"http:\/\/www.bmetallica.de\/?page_id=359"},"modified":"2019-04-05T12:47:02","modified_gmt":"2019-04-05T10:47:02","slug":"hochzeitsbilder-upload","status":"publish","type":"page","link":"https:\/\/www.bmetallica.de\/index.php\/hochzeitsbilder-upload\/","title":{"rendered":"Hochzeitsbilder-Upload"},"content":{"rendered":"<h1>Hochzeitsbilder-Upload<\/h1>\n<p><strong>Zweck des Projektes: <\/strong><\/p>\n<p>Ein Freund hat mich gebeten eine M\u00f6glichkeit zu schaffen, damit seine Hochzeitsg\u00e4ste ihre Bilder mittels Smartphone mit ihm teilen k\u00f6nnen.<\/p>\n<p>&nbsp;<\/p>\n<p><strong>Implementierte Funktionen:<\/strong><\/p>\n<ul>\n<li>Bilderupload via Wlan<\/li>\n<li>Bilderupload via Bluetooth<\/li>\n<li>Live-Slideshow der Bilder \u00fcber HDMI<\/li>\n<li>Automount f\u00fcr USB-Speichermedien (FAT, FAT32, vFAT und NTFS)<\/li>\n<\/ul>\n<p><strong>Update 29.03.2019:<\/strong><\/p>\n<ul>\n<li>Admin-Webinterface (um versehentlich hochgeladene Bilder zu l\u00f6schen)<\/li>\n<\/ul>\n<p>&nbsp;<\/p>\n<p><strong>Was wird ben\u00f6tigt:<\/strong><\/p>\n<ul>\n<li>1x Raspberry PI 3 B+<br \/>\n<em>(es muss ein 3 Modell <strong>B+<\/strong> sein da das &#8222;kleine&#8220; Modell 3 Probleme mit dem Bluetooth hat)<\/em><\/li>\n<li>SD-Karte (min. 16 GB)<\/li>\n<li>Stromversorgung f\u00fcr den Raspberry<\/li>\n<li>HDMI-Kabel zum TV oder Bildschirm<\/li>\n<li>optional USB-Stick f\u00fcr Bilderablage<\/li>\n<\/ul>\n<p>&nbsp;<\/p>\n<h5><strong>Das fertige Image f\u00fcr den PI kann hier (<a href=\"http:\/\/bmetallica.de\/download\/hb-kl.zip\" target=\"_blank\" rel=\"noopener noreferrer\">Link<\/a>)<\/strong><strong> heruntergeladen werden.<\/strong><\/h5>\n<p><em>(F\u00fcr Sch\u00e4den, insbesondere an Datenbest\u00e4nden,\u00a0Hard- und\/oder\u00a0Software\u00a0des Benutzers \u00fcbernehme ich keine Verantwortung)<\/em><\/p>\n<p>&nbsp;<\/p>\n<p><strong>Verbindung:<\/strong><\/p>\n<p>Der SSH-Server ist aktiviert und auch \u00fcber das Wlannetz erreichbar.<\/p>\n<p>Wlan SSID: Hochzeitsbilder<\/p>\n<p>WLAN IP: 192.168.220.1<\/p>\n<p>Bluetoothname: &#8218;Hochzeitsbilder&#8216;<\/p>\n<p>LAN (eth0): DHCP<\/p>\n<p>&nbsp;<\/p>\n<p><strong>Zugangsdaten SSH:<\/strong><\/p>\n<p>Benutzername: pi und root<\/p>\n<p>Passwort: bilder<\/p>\n<p>&nbsp;<\/p>\n<p><strong>Ablageort der Bilder:<\/strong><\/p>\n<p>\/var\/www\/html\/bilder<\/p>\n<p>&nbsp;<\/p>\n<p><strong>USB-Speichermedien:<\/strong><em><br \/>\n<\/em><\/p>\n<p>Der Raspberry erkennt <strong>beim Start angeschlossene<\/strong> Speichermedien (maximal ein Speichermedium) und verschieb die bis dahin im Ordner &#8222;\/var\/www\/html\/bilder&#8220; gespeicherten Bilder (wenn vorhanden) auf das externe Speichermedium (in einen neuen Ordner &#8222;bilder&#8220;).<\/p>\n<p>Danach werden alle weiteren hochgeladenen Bilder automatisch auf dem externen Speichermedium abgelegt.<\/p>\n<p>Dies erm\u00f6glicht einen Betrieb sowohl mit als auch ohne externe Speichermedien.<\/p>\n<p>&nbsp;<\/p>\n<p><strong>Slideshow:<\/strong><\/p>\n<p>Damit die Slideshow automatisch starten kann <strong>M\u00dcSSEN<\/strong> mindestens zwei Bilder im Ordner &#8222;\/var\/www\/html\/bilder&#8220; sein.<\/p>\n<p>Deshalb werden beim Start des PI\u00b4s zwei Schwarze Bilder in diesem Ordner erzeugt, und sp\u00e4ter wenn mehr als zwei weitere Bilder hochgeladen wurden, wieder gel\u00f6scht.<\/p>\n<p>&nbsp;<\/p>\n<p><strong>Admin-Webinterface:<\/strong><\/p>\n<p>Im Admin Webinterface k\u00f6nnen hochgeladene Bilder wieder gel\u00f6scht werden.<\/p>\n<p>Das Interface ist \u00fcber WLAN unter der Adresse &#8222;http:\/\/192.168.220.1\/admin&#8220; erreichbar.<\/p>\n<p><u>Zugangsdaten:<\/u><\/p>\n<p>Benutzername: admin<\/p>\n<p>Passwort: bilder<\/p>\n<p>&nbsp;<\/p>\n<p><strong>Namenskonfiguration WLAN:<\/strong><\/p>\n<p>Die Wlan SSID kann unter<\/p>\n<p>&#8222;\/etc\/hostapd\/hostapd.conf&#8220; ge\u00e4ndert werden:<\/p>\n<p><a href=\"https:\/\/i0.wp.com\/www.bmetallica.de\/wp-content\/uploads\/2019\/03\/wlan.jpg\" target=\"_blank\" rel=\"noopener noreferrer\"><img loading=\"lazy\" decoding=\"async\" data-attachment-id=\"360\" data-permalink=\"https:\/\/www.bmetallica.de\/index.php\/hochzeitsbilder-upload\/wlan\/\" data-orig-file=\"https:\/\/i0.wp.com\/www.bmetallica.de\/wp-content\/uploads\/2019\/03\/wlan.jpg?fit=435%2C338&amp;ssl=1\" data-orig-size=\"435,338\" data-comments-opened=\"1\" data-image-meta=\"{&quot;aperture&quot;:&quot;0&quot;,&quot;credit&quot;:&quot;Boden, Daniel (LBM Zentrale)&quot;,&quot;camera&quot;:&quot;&quot;,&quot;caption&quot;:&quot;&quot;,&quot;created_timestamp&quot;:&quot;1552926840&quot;,&quot;copyright&quot;:&quot;&quot;,&quot;focal_length&quot;:&quot;0&quot;,&quot;iso&quot;:&quot;0&quot;,&quot;shutter_speed&quot;:&quot;0&quot;,&quot;title&quot;:&quot;&quot;,&quot;orientation&quot;:&quot;0&quot;}\" data-image-title=\"wlan\" data-image-description=\"\" data-image-caption=\"\" data-medium-file=\"https:\/\/i0.wp.com\/www.bmetallica.de\/wp-content\/uploads\/2019\/03\/wlan.jpg?fit=300%2C233&amp;ssl=1\" data-large-file=\"https:\/\/i0.wp.com\/www.bmetallica.de\/wp-content\/uploads\/2019\/03\/wlan.jpg?fit=435%2C338&amp;ssl=1\" class=\"alignleft wp-image-360 size-medium\" src=\"https:\/\/i0.wp.com\/www.bmetallica.de\/wp-content\/uploads\/2019\/03\/wlan.jpg?resize=300%2C233\" alt=\"\" width=\"300\" height=\"233\" srcset=\"https:\/\/i0.wp.com\/www.bmetallica.de\/wp-content\/uploads\/2019\/03\/wlan.jpg?resize=300%2C233&amp;ssl=1 300w, https:\/\/i0.wp.com\/www.bmetallica.de\/wp-content\/uploads\/2019\/03\/wlan.jpg?w=435&amp;ssl=1 435w\" sizes=\"(max-width: 300px) 100vw, 300px\" data-recalc-dims=\"1\" \/><\/a><\/p>\n<p>&nbsp;<\/p>\n<p>&nbsp;<\/p>\n<p>&nbsp;<\/p>\n<p>&nbsp;<\/p>\n<p>&nbsp;<\/p>\n<p>&nbsp;<\/p>\n<p>&nbsp;<\/p>\n<p><strong>Namenskonfiguration Bluetooth:<\/strong><\/p>\n<p>Der Bluetoothname kann unter<\/p>\n<p>&#8222;\/local\/aut.sh&#8220; ge\u00e4ndert werden:<\/p>\n<p><a href=\"https:\/\/i0.wp.com\/www.bmetallica.de\/wp-content\/uploads\/2019\/03\/bt.jpg\" target=\"_blank\" rel=\"noopener noreferrer\"><img loading=\"lazy\" decoding=\"async\" data-attachment-id=\"361\" data-permalink=\"https:\/\/www.bmetallica.de\/index.php\/hochzeitsbilder-upload\/bt\/\" data-orig-file=\"https:\/\/i0.wp.com\/www.bmetallica.de\/wp-content\/uploads\/2019\/03\/bt.jpg?fit=465%2C113&amp;ssl=1\" data-orig-size=\"465,113\" data-comments-opened=\"1\" data-image-meta=\"{&quot;aperture&quot;:&quot;0&quot;,&quot;credit&quot;:&quot;Boden, Daniel (LBM Zentrale)&quot;,&quot;camera&quot;:&quot;&quot;,&quot;caption&quot;:&quot;&quot;,&quot;created_timestamp&quot;:&quot;1552926752&quot;,&quot;copyright&quot;:&quot;&quot;,&quot;focal_length&quot;:&quot;0&quot;,&quot;iso&quot;:&quot;0&quot;,&quot;shutter_speed&quot;:&quot;0&quot;,&quot;title&quot;:&quot;&quot;,&quot;orientation&quot;:&quot;0&quot;}\" data-image-title=\"bt\" data-image-description=\"\" data-image-caption=\"\" data-medium-file=\"https:\/\/i0.wp.com\/www.bmetallica.de\/wp-content\/uploads\/2019\/03\/bt.jpg?fit=300%2C73&amp;ssl=1\" data-large-file=\"https:\/\/i0.wp.com\/www.bmetallica.de\/wp-content\/uploads\/2019\/03\/bt.jpg?fit=465%2C113&amp;ssl=1\" class=\"alignleft wp-image-361 size-medium\" src=\"https:\/\/i0.wp.com\/www.bmetallica.de\/wp-content\/uploads\/2019\/03\/bt.jpg?resize=300%2C73\" alt=\"\" width=\"300\" height=\"73\" srcset=\"https:\/\/i0.wp.com\/www.bmetallica.de\/wp-content\/uploads\/2019\/03\/bt.jpg?resize=300%2C73&amp;ssl=1 300w, https:\/\/i0.wp.com\/www.bmetallica.de\/wp-content\/uploads\/2019\/03\/bt.jpg?w=465&amp;ssl=1 465w\" sizes=\"(max-width: 300px) 100vw, 300px\" data-recalc-dims=\"1\" \/><\/a><\/p>\n<h3><\/h3>\n<h3><\/h3>\n<p>Auserdem muss noch der Bluetoothname noch in der bluetoothctl ge\u00e4ndert werden.<\/p>\n<p>Das geht mit:<\/p>\n<pre><code>bluetoothctl<\/code><\/pre>\n<p>dann in der bluetoothctl:<\/p>\n<pre class=\"\"><code>system-alias NEUER-NAME<\/code><\/pre>\n<pre class=\"\"><code>reset-alias<\/code><\/pre>\n<p>Die bluetoothctl dann wieder mit:<\/p>\n<pre class=\"\"><code>quit<\/code><\/pre>\n<p>verlassen.<\/p>\n<p>&nbsp;<\/p>\n<p>&nbsp;<\/p>\n<h3 style=\"text-align: center;\"><strong>Ein Aushang k\u00f6nnte z.B. so aussehen:<\/strong><\/h3>\n<p><a href=\"https:\/\/i0.wp.com\/www.bmetallica.de\/wp-content\/uploads\/2019\/03\/hochzeitsbilder.jpg\" target=\"_blank\" rel=\"noopener noreferrer\"><img loading=\"lazy\" decoding=\"async\" data-attachment-id=\"364\" data-permalink=\"https:\/\/www.bmetallica.de\/index.php\/hochzeitsbilder-upload\/hochzeitsbilder\/\" data-orig-file=\"https:\/\/i0.wp.com\/www.bmetallica.de\/wp-content\/uploads\/2019\/03\/hochzeitsbilder.jpg?fit=535%2C765&amp;ssl=1\" data-orig-size=\"535,765\" data-comments-opened=\"1\" data-image-meta=\"{&quot;aperture&quot;:&quot;0&quot;,&quot;credit&quot;:&quot;&quot;,&quot;camera&quot;:&quot;&quot;,&quot;caption&quot;:&quot;&quot;,&quot;created_timestamp&quot;:&quot;0&quot;,&quot;copyright&quot;:&quot;&quot;,&quot;focal_length&quot;:&quot;0&quot;,&quot;iso&quot;:&quot;0&quot;,&quot;shutter_speed&quot;:&quot;0&quot;,&quot;title&quot;:&quot;&quot;,&quot;orientation&quot;:&quot;0&quot;}\" data-image-title=\"hochzeitsbilder\" data-image-description=\"\" data-image-caption=\"\" data-medium-file=\"https:\/\/i0.wp.com\/www.bmetallica.de\/wp-content\/uploads\/2019\/03\/hochzeitsbilder.jpg?fit=210%2C300&amp;ssl=1\" data-large-file=\"https:\/\/i0.wp.com\/www.bmetallica.de\/wp-content\/uploads\/2019\/03\/hochzeitsbilder.jpg?fit=535%2C765&amp;ssl=1\" class=\"aligncenter wp-image-364 size-full\" src=\"https:\/\/i0.wp.com\/www.bmetallica.de\/wp-content\/uploads\/2019\/03\/hochzeitsbilder.jpg?resize=535%2C765\" alt=\"\" width=\"535\" height=\"765\" srcset=\"https:\/\/i0.wp.com\/www.bmetallica.de\/wp-content\/uploads\/2019\/03\/hochzeitsbilder.jpg?w=535&amp;ssl=1 535w, https:\/\/i0.wp.com\/www.bmetallica.de\/wp-content\/uploads\/2019\/03\/hochzeitsbilder.jpg?resize=210%2C300&amp;ssl=1 210w\" sizes=\"(max-width: 535px) 100vw, 535px\" data-recalc-dims=\"1\" \/><\/a><\/p>\n","protected":false},"excerpt":{"rendered":"<p>Hochzeitsbilder-Upload Zweck des Projektes: Ein Freund hat mich gebeten eine M\u00f6glichkeit zu schaffen, damit seine Hochzeitsg\u00e4ste ihre Bilder mittels Smartphone mit ihm teilen k\u00f6nnen. &nbsp; Implementierte Funktionen: Bilderupload via Wlan Bilderupload via Bluetooth Live-Slideshow der Bilder \u00fcber HDMI Automount f\u00fcr&#8230; <a class=\"more-link\" href=\"https:\/\/www.bmetallica.de\/index.php\/hochzeitsbilder-upload\/\">Continue Reading &rarr;<\/a><\/p>\n","protected":false},"author":1,"featured_media":364,"parent":0,"menu_order":0,"comment_status":"open","ping_status":"closed","template":"","meta":{"jetpack_post_was_ever_published":false,"footnotes":""},"yoast_head":"<!-- This site is optimized with the Yoast SEO plugin v20.9 - https:\/\/yoast.com\/wordpress\/plugins\/seo\/ -->\n<title>Hochzeitsbilder-Upload - bmetallica.de<\/title>\n<meta name=\"robots\" content=\"index, follow, max-snippet:-1, max-image-preview:large, max-video-preview:-1\" \/>\n<link rel=\"canonical\" href=\"https:\/\/www.bmetallica.de\/index.php\/hochzeitsbilder-upload\/\" \/>\n<meta property=\"og:locale\" content=\"de_DE\" \/>\n<meta property=\"og:type\" content=\"article\" \/>\n<meta property=\"og:title\" content=\"Hochzeitsbilder-Upload - bmetallica.de\" \/>\n<meta property=\"og:description\" content=\"Hochzeitsbilder-Upload Zweck des Projektes: Ein Freund hat mich gebeten eine M\u00f6glichkeit zu schaffen, damit seine Hochzeitsg\u00e4ste ihre Bilder mittels Smartphone mit ihm teilen k\u00f6nnen. &nbsp; Implementierte Funktionen: Bilderupload via Wlan Bilderupload via Bluetooth Live-Slideshow der Bilder \u00fcber HDMI Automount f\u00fcr... Continue Reading &rarr;\" \/>\n<meta property=\"og:url\" content=\"https:\/\/www.bmetallica.de\/index.php\/hochzeitsbilder-upload\/\" \/>\n<meta property=\"og:site_name\" content=\"bmetallica.de\" \/>\n<meta property=\"article:modified_time\" content=\"2019-04-05T10:47:02+00:00\" \/>\n<meta property=\"og:image\" content=\"https:\/\/i0.wp.com\/www.bmetallica.de\/wp-content\/uploads\/2019\/03\/hochzeitsbilder.jpg?fit=535%2C765&ssl=1\" \/>\n\t<meta property=\"og:image:width\" content=\"535\" \/>\n\t<meta property=\"og:image:height\" content=\"765\" \/>\n\t<meta property=\"og:image:type\" content=\"image\/jpeg\" \/>\n<meta name=\"twitter:card\" content=\"summary_large_image\" \/>\n<meta name=\"twitter:label1\" content=\"Gesch\u00e4tzte Lesezeit\" \/>\n\t<meta name=\"twitter:data1\" content=\"2 Minuten\" \/>\n<script type=\"application\/ld+json\" class=\"yoast-schema-graph\">{\"@context\":\"https:\/\/schema.org\",\"@graph\":[{\"@type\":\"WebPage\",\"@id\":\"https:\/\/www.bmetallica.de\/index.php\/hochzeitsbilder-upload\/\",\"url\":\"https:\/\/www.bmetallica.de\/index.php\/hochzeitsbilder-upload\/\",\"name\":\"Hochzeitsbilder-Upload - bmetallica.de\",\"isPartOf\":{\"@id\":\"https:\/\/www.bmetallica.de\/#website\"},\"datePublished\":\"2019-03-18T18:34:21+00:00\",\"dateModified\":\"2019-04-05T10:47:02+00:00\",\"breadcrumb\":{\"@id\":\"https:\/\/www.bmetallica.de\/index.php\/hochzeitsbilder-upload\/#breadcrumb\"},\"inLanguage\":\"de-DE\",\"potentialAction\":[{\"@type\":\"ReadAction\",\"target\":[\"https:\/\/www.bmetallica.de\/index.php\/hochzeitsbilder-upload\/\"]}]},{\"@type\":\"BreadcrumbList\",\"@id\":\"https:\/\/www.bmetallica.de\/index.php\/hochzeitsbilder-upload\/#breadcrumb\",\"itemListElement\":[{\"@type\":\"ListItem\",\"position\":1,\"name\":\"Home\",\"item\":\"https:\/\/www.bmetallica.de\/\"},{\"@type\":\"ListItem\",\"position\":2,\"name\":\"Hochzeitsbilder-Upload\"}]},{\"@type\":\"WebSite\",\"@id\":\"https:\/\/www.bmetallica.de\/#website\",\"url\":\"https:\/\/www.bmetallica.de\/\",\"name\":\"bmetallica.de\",\"description\":\"das Wissen der Welt geh\u00f6rt den Menschen\",\"publisher\":{\"@id\":\"https:\/\/www.bmetallica.de\/#\/schema\/person\/95f9265fa19015a54cb0537aad39bf97\"},\"potentialAction\":[{\"@type\":\"SearchAction\",\"target\":{\"@type\":\"EntryPoint\",\"urlTemplate\":\"https:\/\/www.bmetallica.de\/?s={search_term_string}\"},\"query-input\":\"required name=search_term_string\"}],\"inLanguage\":\"de-DE\"},{\"@type\":[\"Person\",\"Organization\"],\"@id\":\"https:\/\/www.bmetallica.de\/#\/schema\/person\/95f9265fa19015a54cb0537aad39bf97\",\"name\":\"bmetallica\",\"image\":{\"@type\":\"ImageObject\",\"inLanguage\":\"de-DE\",\"@id\":\"https:\/\/www.bmetallica.de\/#\/schema\/person\/image\/\",\"url\":\"https:\/\/secure.gravatar.com\/avatar\/f65d4d63669df7a43505e3fc4e0e353b?s=96&d=mm&r=g\",\"contentUrl\":\"https:\/\/secure.gravatar.com\/avatar\/f65d4d63669df7a43505e3fc4e0e353b?s=96&d=mm&r=g\",\"caption\":\"bmetallica\"},\"logo\":{\"@id\":\"https:\/\/www.bmetallica.de\/#\/schema\/person\/image\/\"}}]}<\/script>\n<!-- \/ Yoast SEO plugin. -->","yoast_head_json":{"title":"Hochzeitsbilder-Upload - bmetallica.de","robots":{"index":"index","follow":"follow","max-snippet":"max-snippet:-1","max-image-preview":"max-image-preview:large","max-video-preview":"max-video-preview:-1"},"canonical":"https:\/\/www.bmetallica.de\/index.php\/hochzeitsbilder-upload\/","og_locale":"de_DE","og_type":"article","og_title":"Hochzeitsbilder-Upload - bmetallica.de","og_description":"Hochzeitsbilder-Upload Zweck des Projektes: Ein Freund hat mich gebeten eine M\u00f6glichkeit zu schaffen, damit seine Hochzeitsg\u00e4ste ihre Bilder mittels Smartphone mit ihm teilen k\u00f6nnen. &nbsp; Implementierte Funktionen: Bilderupload via Wlan Bilderupload via Bluetooth Live-Slideshow der Bilder \u00fcber HDMI Automount f\u00fcr... Continue Reading &rarr;","og_url":"https:\/\/www.bmetallica.de\/index.php\/hochzeitsbilder-upload\/","og_site_name":"bmetallica.de","article_modified_time":"2019-04-05T10:47:02+00:00","og_image":[{"width":535,"height":765,"url":"https:\/\/i0.wp.com\/www.bmetallica.de\/wp-content\/uploads\/2019\/03\/hochzeitsbilder.jpg?fit=535%2C765&ssl=1","type":"image\/jpeg"}],"twitter_card":"summary_large_image","twitter_misc":{"Gesch\u00e4tzte Lesezeit":"2 Minuten"},"schema":{"@context":"https:\/\/schema.org","@graph":[{"@type":"WebPage","@id":"https:\/\/www.bmetallica.de\/index.php\/hochzeitsbilder-upload\/","url":"https:\/\/www.bmetallica.de\/index.php\/hochzeitsbilder-upload\/","name":"Hochzeitsbilder-Upload - bmetallica.de","isPartOf":{"@id":"https:\/\/www.bmetallica.de\/#website"},"datePublished":"2019-03-18T18:34:21+00:00","dateModified":"2019-04-05T10:47:02+00:00","breadcrumb":{"@id":"https:\/\/www.bmetallica.de\/index.php\/hochzeitsbilder-upload\/#breadcrumb"},"inLanguage":"de-DE","potentialAction":[{"@type":"ReadAction","target":["https:\/\/www.bmetallica.de\/index.php\/hochzeitsbilder-upload\/"]}]},{"@type":"BreadcrumbList","@id":"https:\/\/www.bmetallica.de\/index.php\/hochzeitsbilder-upload\/#breadcrumb","itemListElement":[{"@type":"ListItem","position":1,"name":"Home","item":"https:\/\/www.bmetallica.de\/"},{"@type":"ListItem","position":2,"name":"Hochzeitsbilder-Upload"}]},{"@type":"WebSite","@id":"https:\/\/www.bmetallica.de\/#website","url":"https:\/\/www.bmetallica.de\/","name":"bmetallica.de","description":"das Wissen der Welt geh\u00f6rt den Menschen","publisher":{"@id":"https:\/\/www.bmetallica.de\/#\/schema\/person\/95f9265fa19015a54cb0537aad39bf97"},"potentialAction":[{"@type":"SearchAction","target":{"@type":"EntryPoint","urlTemplate":"https:\/\/www.bmetallica.de\/?s={search_term_string}"},"query-input":"required name=search_term_string"}],"inLanguage":"de-DE"},{"@type":["Person","Organization"],"@id":"https:\/\/www.bmetallica.de\/#\/schema\/person\/95f9265fa19015a54cb0537aad39bf97","name":"bmetallica","image":{"@type":"ImageObject","inLanguage":"de-DE","@id":"https:\/\/www.bmetallica.de\/#\/schema\/person\/image\/","url":"https:\/\/secure.gravatar.com\/avatar\/f65d4d63669df7a43505e3fc4e0e353b?s=96&d=mm&r=g","contentUrl":"https:\/\/secure.gravatar.com\/avatar\/f65d4d63669df7a43505e3fc4e0e353b?s=96&d=mm&r=g","caption":"bmetallica"},"logo":{"@id":"https:\/\/www.bmetallica.de\/#\/schema\/person\/image\/"}}]}},"jetpack_sharing_enabled":true,"jetpack_shortlink":"https:\/\/wp.me\/P8uhVF-5N","jetpack-related-posts":[{"id":166,"url":"https:\/\/www.bmetallica.de\/index.php\/mediacenter-pi-v2\/","url_meta":{"origin":359,"position":0},"title":"Mediacenter PI V2","author":"bmetallica","date":"8. Dezember 2015","format":false,"excerpt":"Ein Mediacenter mit dem Raspberry PI V2 \u00a0 Was wir brauchen: OSMC Installation (f\u00fcr Windows) Raspberry PI V2 MicroUSB Netzteil (z.B.) MicroSD (z.B.) WlanStick\u00a0(z.B.) HDMI-Kabel\u00a0(z.B.) TV mit HDMI-Eingang \u00a0 Installation unter Windows:\u00a0 Die MicroSD-Karte mit dem PC verbinden (z.B. mit einem USB zu MicroSD Adapter) Die Heruntergeladene \"osmc-installer.exe\" starten Einbau:\u2026","rel":"","context":"\u00c4hnlicher Beitrag","block_context":{"text":"\u00c4hnlicher Beitrag","link":""},"img":{"alt_text":"","src":"https:\/\/i0.wp.com\/92.205.129.62\/bmetallica\/wp-content\/uploads\/2015\/12\/2-300x237.png?resize=350%2C200","width":350,"height":200},"classes":[]},{"id":271,"url":"https:\/\/www.bmetallica.de\/index.php\/alexa-433-mhz-und-domoticz\/","url_meta":{"origin":359,"position":1},"title":"Alexa, 433 MHz und Domoticz","author":"bmetallica","date":"3. November 2017","format":false,"excerpt":"Alexa, 433 MHz und Domoticz \u00a0 Ziel des Projekts: Ziel des Projekts war es eine kosteng\u00fcnstige M\u00f6glichkeit zu finden, eine sprachgesteuerte Lichtsteuerung innerhalb einer Wohnung zu realisieren. Es sollten dabei keine Cloud-Dienste (ausgenommen der Amazon Cloud zur Spracherkennung) verwendet werden um einen h\u00f6heren Sicherheitsfaktor und eine unabh\u00e4ngigere Umgebung zu schaffen.\u2026","rel":"","context":"In &quot;Allgemein&quot;","block_context":{"text":"Allgemein","link":"https:\/\/www.bmetallica.de\/index.php\/category\/allgemein\/"},"img":{"alt_text":"","src":"https:\/\/i0.wp.com\/92.205.129.62\/bmetallica\/wp-content\/uploads\/2015\/11\/71Wz-aGbLzL._SL1500_-300x300.jpg?resize=350%2C200","width":350,"height":200},"classes":[]},{"id":86,"url":"https:\/\/www.bmetallica.de\/index.php\/rpi-smarthome\/","url_meta":{"origin":359,"position":2},"title":"RPI SmartHome","author":"bmetallica","date":"2. November 2015","format":false,"excerpt":"Raspberry zur Haussteuerung (Smarthome) \u00a0 Interface: Als Display dient ein ,,3.2\" TFT LCD Touch Screen Display Monitor + Case + Heatsinks For Raspberry Pi B+\" (z.B. Ebay: LINK\u00a0ca. 19\u20ac) an einem ,,Raspberry PI V1 Model B\". Um die 3 Buttons am oberen Bildschirmrand ab zu fragen, verwende ich ein Python-Script,\u2026","rel":"","context":"\u00c4hnlicher Beitrag","block_context":{"text":"\u00c4hnlicher Beitrag","link":""},"img":{"alt_text":"IMG_20150117_175959","src":"https:\/\/i0.wp.com\/bmetallica.de\/wp-content\/uploads\/2015\/11\/IMG_20150117_1759591-645x1024.jpg?resize=350%2C200","width":350,"height":200},"classes":[]},{"id":114,"url":"https:\/\/www.bmetallica.de\/index.php\/433mhz-temperatur-auslesen\/","url_meta":{"origin":359,"position":3},"title":"433MHz Temperatur auslesen","author":"bmetallica","date":"5. November 2015","format":false,"excerpt":"Auswerten eines 433MHz Temperatursensors mit pilight \u00a0 Was wir ben\u00f6tigen: Aukru 433 MHz Funk- Sende und Empf\u00e4nger Modul Superregeneration Wireless Transmitter-Modul Einbrecher Alarm 433M receiver module Burglar Alarm f\u00fcr Arduino Raspberry pi (Amazon: LINK) PEARL Funk-Au\u00dfensensor f\u00fcr Wetterstation (Amazon: LINK) Verkabelung des Senders\/Empf\u00e4ngers: Verkabelung Sender Modul (nicht f\u00fcr das Auslesen\u2026","rel":"","context":"Mit 6 Kommentaren","block_context":{"text":"Mit 6 Kommentaren","link":"https:\/\/www.bmetallica.de\/index.php\/433mhz-temperatur-auslesen\/#comments"},"img":{"alt_text":"","src":"https:\/\/i0.wp.com\/92.205.129.62\/bmetallica\/wp-content\/uploads\/2015\/11\/71Wz-aGbLzL._SL1500_-300x300.jpg?resize=350%2C200","width":350,"height":200},"classes":[]},{"id":197,"url":"https:\/\/www.bmetallica.de\/index.php\/1-wire-temperatursensor-auslesen\/","url_meta":{"origin":359,"position":4},"title":"1-wire Temperatursensor auslesen","author":"bmetallica","date":"17. Oktober 2016","format":false,"excerpt":"1-wire Temperatursensoren auslesen und verarbeiten Was wir\u00a0ben\u00f6tigen: \u00a0 1x Raspberry (z.B. Modell B) F\u00fcr unseren Beispielsaufbau 3x DS18B20 Temperaturssensor (Amazon: LINK) 1x 4,7k (4K7) Wiederstand \u00a0 (Amazon: LINK) \u00a0 \u00a0 Und so wird verkabelt: (klicken zum Vergr\u00f6\u00dfern) Konfiguration auf dem Raspberry (OS Jessie):\u00a0 Nachdem wir den Raspberry erst einmal grunds\u00e4tzlich\u2026","rel":"","context":"Mit 1 Kommentar","block_context":{"text":"Mit 1 Kommentar","link":"https:\/\/www.bmetallica.de\/index.php\/1-wire-temperatursensor-auslesen\/#comments"},"img":{"alt_text":"","src":"https:\/\/i0.wp.com\/92.205.129.62\/bmetallica\/wp-content\/uploads\/2016\/10\/1wire-300x225.jpg?resize=350%2C200","width":350,"height":200},"classes":[]},{"id":330,"url":"https:\/\/www.bmetallica.de\/index.php\/dauer-speedtest-mit-dem-pi\/","url_meta":{"origin":359,"position":5},"title":"Dauer Speedtest mit dem PI","author":"bmetallica","date":"23. Mai 2018","format":false,"excerpt":"Dauer Speedtest mit dem PI Ziel ist es eine St\u00fcndliche \u00dcbersicht \u00fcber die eigene aktuelle Bandbreite zu bekommen. \u00a0 Dazu wird ben\u00f6tigt: Ein Raspberry PI (Ich empfehle mindestens die Version 2 da eine gewisse Leistung ben\u00f6tigt wird und das Ergebnis ansonsten verf\u00e4lscht werden k\u00f6nnte) 1 SD-Karte min. 8GB Netzteil sowie\u2026","rel":"","context":"\u00c4hnlicher Beitrag","block_context":{"text":"\u00c4hnlicher Beitrag","link":""},"img":{"alt_text":"","src":"","width":0,"height":0},"classes":[]}],"_links":{"self":[{"href":"https:\/\/www.bmetallica.de\/index.php\/wp-json\/wp\/v2\/pages\/359"}],"collection":[{"href":"https:\/\/www.bmetallica.de\/index.php\/wp-json\/wp\/v2\/pages"}],"about":[{"href":"https:\/\/www.bmetallica.de\/index.php\/wp-json\/wp\/v2\/types\/page"}],"author":[{"embeddable":true,"href":"https:\/\/www.bmetallica.de\/index.php\/wp-json\/wp\/v2\/users\/1"}],"replies":[{"embeddable":true,"href":"https:\/\/www.bmetallica.de\/index.php\/wp-json\/wp\/v2\/comments?post=359"}],"version-history":[{"count":20,"href":"https:\/\/www.bmetallica.de\/index.php\/wp-json\/wp\/v2\/pages\/359\/revisions"}],"predecessor-version":[{"id":390,"href":"https:\/\/www.bmetallica.de\/index.php\/wp-json\/wp\/v2\/pages\/359\/revisions\/390"}],"wp:featuredmedia":[{"embeddable":true,"href":"https:\/\/www.bmetallica.de\/index.php\/wp-json\/wp\/v2\/media\/364"}],"wp:attachment":[{"href":"https:\/\/www.bmetallica.de\/index.php\/wp-json\/wp\/v2\/media?parent=359"}],"curies":[{"name":"wp","href":"https:\/\/api.w.org\/{rel}","templated":true}]}}