{"id":37,"date":"2015-10-31T21:13:45","date_gmt":"2015-10-31T20:13:45","guid":{"rendered":"http:\/\/92.205.129.62\/bmetallica\/?page_id=37"},"modified":"2019-03-19T08:38:37","modified_gmt":"2019-03-19T07:38:37","slug":"linux-befehle","status":"publish","type":"page","link":"https:\/\/www.bmetallica.de\/index.php\/linux-befehle\/","title":{"rendered":"Linux Befehle"},"content":{"rendered":"<p>Hier eine Kurze Befehlssammlung:<\/p>\n<table border=\"2\" width=\"80%\">\n<tbody>\n<tr>\n<th width=\"100\">Befehl<\/th>\n<th width=\"100\">Bedeutung<\/th>\n<\/tr>\n<tr>\n<td>passwd<\/td>\n<td><span style=\"color: red;\">\u00c4nderung der unix passwortes<\/span><\/td>\n<\/tr>\n<tr>\n<td>reboot<\/td>\n<td><span style=\"color: red;\">Neustart<\/span><\/td>\n<\/tr>\n<tr>\n<td>ls<\/td>\n<td><span style=\"color: red;\">erstellt eine Liste der sich mi Verzeichnis befindenden Daten<\/span><\/td>\n<\/tr>\n<tr>\n<td>rm<\/td>\n<td><span style=\"color: red;\">L\u00f6scht angegebene Dateien<\/span><\/td>\n<\/tr>\n<tr>\n<td>mkdir<\/td>\n<td><span style=\"color: red;\">Legt neues Verzeichnis an<\/span><\/td>\n<\/tr>\n<tr>\n<td>tar cvfz &#8222;Endnahme&#8220;.tgz zu packende Datei&#8220;<\/td>\n<td><span style=\"color: red;\">Packen einer oder mehrerer Dateien<\/span><\/td>\n<\/tr>\n<tr>\n<td>cd<\/td>\n<td><span style=\"color: red;\">Sprung ind home Verzeichnis<\/span><\/td>\n<\/tr>\n<tr>\n<td>mount<\/td>\n<td><span style=\"color: red;\">mounten von verschieden Datentr\u00e4gern<\/span><\/td>\n<\/tr>\n<tr>\n<td>df<\/td>\n<td><span style=\"color: red;\">Speicherplatzangabe<\/span><\/td>\n<\/tr>\n<tr>\n<td>ps<\/td>\n<td><span style=\"color: red;\">Liste aller laufenden Programme<\/span><\/td>\n<\/tr>\n<tr>\n<td>kill -Prozes id (z.b. -9)<br \/>\ndie Prozes id erf\u00e4hrt man duch den Befehl ps<\/td>\n<td><span style=\"color: red;\">T\u00f6tet den angegebenen Prozes<\/span><\/td>\n<\/tr>\n<tr>\n<td>clear<\/td>\n<td><span style=\"color: red;\">l\u00f6cht die Befehlszeile<\/span><\/td>\n<\/tr>\n<tr>\n<td>rcconf<\/p>\n<p>(apt-get install rcconf)<\/td>\n<td><span style=\"color: red;\">Autostart GUI Editor<\/span><\/td>\n<\/tr>\n<\/tbody>\n<\/table>\n","protected":false},"excerpt":{"rendered":"<p>Hier eine Kurze Befehlssammlung: Befehl Bedeutung passwd \u00c4nderung der unix passwortes reboot Neustart ls erstellt eine Liste der sich mi Verzeichnis befindenden Daten rm L\u00f6scht angegebene Dateien mkdir Legt neues Verzeichnis an tar cvfz &#8222;Endnahme&#8220;.tgz zu packende Datei&#8220; Packen einer&#8230; <a class=\"more-link\" href=\"https:\/\/www.bmetallica.de\/index.php\/linux-befehle\/\">Continue Reading &rarr;<\/a><\/p>\n","protected":false},"author":1,"featured_media":0,"parent":0,"menu_order":0,"comment_status":"closed","ping_status":"closed","template":"","meta":{"jetpack_post_was_ever_published":false,"footnotes":""},"yoast_head":"<!-- This site is optimized with the Yoast SEO plugin v20.9 - https:\/\/yoast.com\/wordpress\/plugins\/seo\/ -->\n<title>Linux Befehle - bmetallica.de<\/title>\n<meta name=\"robots\" content=\"index, follow, max-snippet:-1, max-image-preview:large, max-video-preview:-1\" \/>\n<link rel=\"canonical\" href=\"https:\/\/www.bmetallica.de\/index.php\/linux-befehle\/\" \/>\n<meta property=\"og:locale\" content=\"de_DE\" \/>\n<meta property=\"og:type\" content=\"article\" \/>\n<meta property=\"og:title\" content=\"Linux Befehle - bmetallica.de\" \/>\n<meta property=\"og:description\" content=\"Hier eine Kurze Befehlssammlung: Befehl Bedeutung passwd \u00c4nderung der unix passwortes reboot Neustart ls erstellt eine Liste der sich mi Verzeichnis befindenden Daten rm L\u00f6scht angegebene Dateien mkdir Legt neues Verzeichnis an tar cvfz &#8222;Endnahme&#8220;.tgz zu packende Datei&#8220; Packen einer... Continue Reading &rarr;\" \/>\n<meta property=\"og:url\" content=\"https:\/\/www.bmetallica.de\/index.php\/linux-befehle\/\" \/>\n<meta property=\"og:site_name\" content=\"bmetallica.de\" \/>\n<meta property=\"article:modified_time\" content=\"2019-03-19T07:38:37+00:00\" \/>\n<meta name=\"twitter:card\" content=\"summary_large_image\" \/>\n<script type=\"application\/ld+json\" class=\"yoast-schema-graph\">{\"@context\":\"https:\/\/schema.org\",\"@graph\":[{\"@type\":\"WebPage\",\"@id\":\"https:\/\/www.bmetallica.de\/index.php\/linux-befehle\/\",\"url\":\"https:\/\/www.bmetallica.de\/index.php\/linux-befehle\/\",\"name\":\"Linux Befehle - bmetallica.de\",\"isPartOf\":{\"@id\":\"https:\/\/www.bmetallica.de\/#website\"},\"datePublished\":\"2015-10-31T20:13:45+00:00\",\"dateModified\":\"2019-03-19T07:38:37+00:00\",\"breadcrumb\":{\"@id\":\"https:\/\/www.bmetallica.de\/index.php\/linux-befehle\/#breadcrumb\"},\"inLanguage\":\"de-DE\",\"potentialAction\":[{\"@type\":\"ReadAction\",\"target\":[\"https:\/\/www.bmetallica.de\/index.php\/linux-befehle\/\"]}]},{\"@type\":\"BreadcrumbList\",\"@id\":\"https:\/\/www.bmetallica.de\/index.php\/linux-befehle\/#breadcrumb\",\"itemListElement\":[{\"@type\":\"ListItem\",\"position\":1,\"name\":\"Home\",\"item\":\"https:\/\/www.bmetallica.de\/\"},{\"@type\":\"ListItem\",\"position\":2,\"name\":\"Linux Befehle\"}]},{\"@type\":\"WebSite\",\"@id\":\"https:\/\/www.bmetallica.de\/#website\",\"url\":\"https:\/\/www.bmetallica.de\/\",\"name\":\"bmetallica.de\",\"description\":\"das Wissen der Welt geh\u00f6rt den Menschen\",\"publisher\":{\"@id\":\"https:\/\/www.bmetallica.de\/#\/schema\/person\/95f9265fa19015a54cb0537aad39bf97\"},\"potentialAction\":[{\"@type\":\"SearchAction\",\"target\":{\"@type\":\"EntryPoint\",\"urlTemplate\":\"https:\/\/www.bmetallica.de\/?s={search_term_string}\"},\"query-input\":\"required name=search_term_string\"}],\"inLanguage\":\"de-DE\"},{\"@type\":[\"Person\",\"Organization\"],\"@id\":\"https:\/\/www.bmetallica.de\/#\/schema\/person\/95f9265fa19015a54cb0537aad39bf97\",\"name\":\"bmetallica\",\"image\":{\"@type\":\"ImageObject\",\"inLanguage\":\"de-DE\",\"@id\":\"https:\/\/www.bmetallica.de\/#\/schema\/person\/image\/\",\"url\":\"https:\/\/secure.gravatar.com\/avatar\/f65d4d63669df7a43505e3fc4e0e353b?s=96&d=mm&r=g\",\"contentUrl\":\"https:\/\/secure.gravatar.com\/avatar\/f65d4d63669df7a43505e3fc4e0e353b?s=96&d=mm&r=g\",\"caption\":\"bmetallica\"},\"logo\":{\"@id\":\"https:\/\/www.bmetallica.de\/#\/schema\/person\/image\/\"}}]}<\/script>\n<!-- \/ Yoast SEO plugin. -->","yoast_head_json":{"title":"Linux Befehle - bmetallica.de","robots":{"index":"index","follow":"follow","max-snippet":"max-snippet:-1","max-image-preview":"max-image-preview:large","max-video-preview":"max-video-preview:-1"},"canonical":"https:\/\/www.bmetallica.de\/index.php\/linux-befehle\/","og_locale":"de_DE","og_type":"article","og_title":"Linux Befehle - bmetallica.de","og_description":"Hier eine Kurze Befehlssammlung: Befehl Bedeutung passwd \u00c4nderung der unix passwortes reboot Neustart ls erstellt eine Liste der sich mi Verzeichnis befindenden Daten rm L\u00f6scht angegebene Dateien mkdir Legt neues Verzeichnis an tar cvfz &#8222;Endnahme&#8220;.tgz zu packende Datei&#8220; Packen einer... Continue Reading &rarr;","og_url":"https:\/\/www.bmetallica.de\/index.php\/linux-befehle\/","og_site_name":"bmetallica.de","article_modified_time":"2019-03-19T07:38:37+00:00","twitter_card":"summary_large_image","schema":{"@context":"https:\/\/schema.org","@graph":[{"@type":"WebPage","@id":"https:\/\/www.bmetallica.de\/index.php\/linux-befehle\/","url":"https:\/\/www.bmetallica.de\/index.php\/linux-befehle\/","name":"Linux Befehle - bmetallica.de","isPartOf":{"@id":"https:\/\/www.bmetallica.de\/#website"},"datePublished":"2015-10-31T20:13:45+00:00","dateModified":"2019-03-19T07:38:37+00:00","breadcrumb":{"@id":"https:\/\/www.bmetallica.de\/index.php\/linux-befehle\/#breadcrumb"},"inLanguage":"de-DE","potentialAction":[{"@type":"ReadAction","target":["https:\/\/www.bmetallica.de\/index.php\/linux-befehle\/"]}]},{"@type":"BreadcrumbList","@id":"https:\/\/www.bmetallica.de\/index.php\/linux-befehle\/#breadcrumb","itemListElement":[{"@type":"ListItem","position":1,"name":"Home","item":"https:\/\/www.bmetallica.de\/"},{"@type":"ListItem","position":2,"name":"Linux Befehle"}]},{"@type":"WebSite","@id":"https:\/\/www.bmetallica.de\/#website","url":"https:\/\/www.bmetallica.de\/","name":"bmetallica.de","description":"das Wissen der Welt geh\u00f6rt den Menschen","publisher":{"@id":"https:\/\/www.bmetallica.de\/#\/schema\/person\/95f9265fa19015a54cb0537aad39bf97"},"potentialAction":[{"@type":"SearchAction","target":{"@type":"EntryPoint","urlTemplate":"https:\/\/www.bmetallica.de\/?s={search_term_string}"},"query-input":"required name=search_term_string"}],"inLanguage":"de-DE"},{"@type":["Person","Organization"],"@id":"https:\/\/www.bmetallica.de\/#\/schema\/person\/95f9265fa19015a54cb0537aad39bf97","name":"bmetallica","image":{"@type":"ImageObject","inLanguage":"de-DE","@id":"https:\/\/www.bmetallica.de\/#\/schema\/person\/image\/","url":"https:\/\/secure.gravatar.com\/avatar\/f65d4d63669df7a43505e3fc4e0e353b?s=96&d=mm&r=g","contentUrl":"https:\/\/secure.gravatar.com\/avatar\/f65d4d63669df7a43505e3fc4e0e353b?s=96&d=mm&r=g","caption":"bmetallica"},"logo":{"@id":"https:\/\/www.bmetallica.de\/#\/schema\/person\/image\/"}}]}},"jetpack_sharing_enabled":true,"jetpack_shortlink":"https:\/\/wp.me\/P8uhVF-B","jetpack-related-posts":[{"id":409,"url":"https:\/\/www.bmetallica.de\/index.php\/debian-patchmanagement\/","url_meta":{"origin":37,"position":0},"title":"Debian Patchmanagement","author":"bmetallica","date":"3. Dezember 2023","format":false,"excerpt":"Debian Patchmanagement Ziel ist es ein einfaches Patchmanagement mit Webinterface f\u00fcr eine Anzahl von Debian Servern zu schaffen. Voraussetzungen: Ein Debian Server mit folgenden Paketen: apache2, php, postgresql-server, php-pgsql, openssh-server, sshpass, sudo \u00a0 Installation des Management-Servers: Erzeugen eines RSA-Schl\u00fcssel \"ssh-keygen\" Erweitern der \"\/etc\/ssh\/ssh_config\" mit dem Wert \"StrictHostKeyChecking no\" anpassen der\u2026","rel":"","context":"\u00c4hnlicher Beitrag","block_context":{"text":"\u00c4hnlicher Beitrag","link":""},"img":{"alt_text":"","src":"","width":0,"height":0},"classes":[]},{"id":114,"url":"https:\/\/www.bmetallica.de\/index.php\/433mhz-temperatur-auslesen\/","url_meta":{"origin":37,"position":1},"title":"433MHz Temperatur auslesen","author":"bmetallica","date":"5. November 2015","format":false,"excerpt":"Auswerten eines 433MHz Temperatursensors mit pilight \u00a0 Was wir ben\u00f6tigen: Aukru 433 MHz Funk- Sende und Empf\u00e4nger Modul Superregeneration Wireless Transmitter-Modul Einbrecher Alarm 433M receiver module Burglar Alarm f\u00fcr Arduino Raspberry pi (Amazon: LINK) PEARL Funk-Au\u00dfensensor f\u00fcr Wetterstation (Amazon: LINK) Verkabelung des Senders\/Empf\u00e4ngers: Verkabelung Sender Modul (nicht f\u00fcr das Auslesen\u2026","rel":"","context":"Mit 6 Kommentaren","block_context":{"text":"Mit 6 Kommentaren","link":"https:\/\/www.bmetallica.de\/index.php\/433mhz-temperatur-auslesen\/#comments"},"img":{"alt_text":"","src":"https:\/\/i0.wp.com\/92.205.129.62\/bmetallica\/wp-content\/uploads\/2015\/11\/71Wz-aGbLzL._SL1500_-300x300.jpg?resize=350%2C200","width":350,"height":200},"classes":[]},{"id":230,"url":"https:\/\/www.bmetallica.de\/index.php\/dba-logger-mit-dem-raspberry-pi\/","url_meta":{"origin":37,"position":2},"title":"db(A) logger mit dem Raspberry PI","author":"bmetallica","date":"15. Februar 2019","format":false,"excerpt":"db(A) logger mit dem Raspberry PI F\u00fcr unser allj\u00e4hrliches Festival ( ROCKFREUNDE.DE ) wollte ich interessehalber mal eine Auswertung des Ger\u00e4uschpegels auf unserem Festivalgel\u00e4nde machen. Daraus entstand dann folgendes Projekt. Ziel ist das speichern und auswerten von Lautst\u00e4rkewerten \u00fcber einen l\u00e4ngeren Zeitraum \u00a0 Was wir ben\u00f6tigen: Raspberry PI V3, Netzteil\u2026","rel":"","context":"\u00c4hnlicher Beitrag","block_context":{"text":"\u00c4hnlicher Beitrag","link":""},"img":{"alt_text":"dba","src":"https:\/\/i0.wp.com\/bmetallica.de\/wp-content\/uploads\/2017\/02\/dba-1024x327.jpg?resize=350%2C200","width":350,"height":200},"classes":[]},{"id":13,"url":"https:\/\/www.bmetallica.de\/index.php\/impressum\/","url_meta":{"origin":37,"position":3},"title":"Impressum","author":"bmetallica","date":"31. Oktober 2015","format":false,"excerpt":"Datenschutzerkl\u00e4rung \u00a0 Diese Datenschutzerkl\u00e4rung kl\u00e4rt Sie \u00fcber die Art, den Umfang und Zweck der Verarbeitung von personenbezogenen Daten (nachfolgend kurz \u201eDaten\u201c) innerhalb unseres Onlineangebotes und der mit ihm verbundenen Webseiten, Funktionen und Inhalte sowie externen Onlinepr\u00e4senzen, wie z.B. unser Social Media Profile auf (nachfolgend gemeinsam bezeichnet als \u201eOnlineangebot\u201c). Im Hinblick\u2026","rel":"","context":"\u00c4hnlicher Beitrag","block_context":{"text":"\u00c4hnlicher Beitrag","link":""},"img":{"alt_text":"","src":"","width":0,"height":0},"classes":[]},{"id":2,"url":"https:\/\/www.bmetallica.de\/index.php\/beispiel-seite\/","url_meta":{"origin":37,"position":4},"title":"Beispiel-Seite","author":"bmetallica","date":"31. Oktober 2015","format":false,"excerpt":"Dies ist eine Beispiel-Seite. Sie unterscheidet sich von Beitr\u00e4gen, weil sie stets an der selben Stelle bleibt und (bei den meisten Themes) in der Navigationsleiste angezeigt wird. Die meisten Leute starten mit einer \u201e\u00dcber uns\u201c-Seite mit einer Vorstellung f\u00fcr m\u00f6gliche Besucher der Website. Dort k\u00f6nnte zum Beispiel stehen: Hallo! Tags\u00fcber\u2026","rel":"","context":"\u00c4hnlicher Beitrag","block_context":{"text":"\u00c4hnlicher Beitrag","link":""},"img":{"alt_text":"","src":"","width":0,"height":0},"classes":[]},{"id":330,"url":"https:\/\/www.bmetallica.de\/index.php\/dauer-speedtest-mit-dem-pi\/","url_meta":{"origin":37,"position":5},"title":"Dauer Speedtest mit dem PI","author":"bmetallica","date":"23. Mai 2018","format":false,"excerpt":"Dauer Speedtest mit dem PI Ziel ist es eine St\u00fcndliche \u00dcbersicht \u00fcber die eigene aktuelle Bandbreite zu bekommen. \u00a0 Dazu wird ben\u00f6tigt: Ein Raspberry PI (Ich empfehle mindestens die Version 2 da eine gewisse Leistung ben\u00f6tigt wird und das Ergebnis ansonsten verf\u00e4lscht werden k\u00f6nnte) 1 SD-Karte min. 8GB Netzteil sowie\u2026","rel":"","context":"\u00c4hnlicher Beitrag","block_context":{"text":"\u00c4hnlicher Beitrag","link":""},"img":{"alt_text":"","src":"","width":0,"height":0},"classes":[]}],"_links":{"self":[{"href":"https:\/\/www.bmetallica.de\/index.php\/wp-json\/wp\/v2\/pages\/37"}],"collection":[{"href":"https:\/\/www.bmetallica.de\/index.php\/wp-json\/wp\/v2\/pages"}],"about":[{"href":"https:\/\/www.bmetallica.de\/index.php\/wp-json\/wp\/v2\/types\/page"}],"author":[{"embeddable":true,"href":"https:\/\/www.bmetallica.de\/index.php\/wp-json\/wp\/v2\/users\/1"}],"replies":[{"embeddable":true,"href":"https:\/\/www.bmetallica.de\/index.php\/wp-json\/wp\/v2\/comments?post=37"}],"version-history":[{"count":4,"href":"https:\/\/www.bmetallica.de\/index.php\/wp-json\/wp\/v2\/pages\/37\/revisions"}],"predecessor-version":[{"id":373,"href":"https:\/\/www.bmetallica.de\/index.php\/wp-json\/wp\/v2\/pages\/37\/revisions\/373"}],"wp:attachment":[{"href":"https:\/\/www.bmetallica.de\/index.php\/wp-json\/wp\/v2\/media?parent=37"}],"curies":[{"name":"wp","href":"https:\/\/api.w.org\/{rel}","templated":true}]}}