{"id":46,"date":"2015-11-01T13:13:50","date_gmt":"2015-11-01T12:13:50","guid":{"rendered":"http:\/\/92.205.129.62\/bmetallica\/?page_id=46"},"modified":"2015-11-01T13:13:50","modified_gmt":"2015-11-01T12:13:50","slug":"raspberry-projekte","status":"publish","type":"page","link":"https:\/\/www.bmetallica.de\/index.php\/raspberry-projekte\/","title":{"rendered":"Raspberry Projekte"},"content":{"rendered":"<p>Projekte<\/p>\n","protected":false},"excerpt":{"rendered":"<p>Projekte<\/p>\n","protected":false},"author":1,"featured_media":0,"parent":0,"menu_order":0,"comment_status":"closed","ping_status":"closed","template":"","meta":{"jetpack_post_was_ever_published":false,"footnotes":""},"yoast_head":"<!-- This site is optimized with the Yoast SEO plugin v20.9 - https:\/\/yoast.com\/wordpress\/plugins\/seo\/ -->\n<title>Raspberry Projekte - bmetallica.de<\/title>\n<meta name=\"robots\" content=\"index, follow, max-snippet:-1, max-image-preview:large, max-video-preview:-1\" \/>\n<link rel=\"canonical\" href=\"https:\/\/www.bmetallica.de\/index.php\/raspberry-projekte\/\" \/>\n<meta property=\"og:locale\" content=\"de_DE\" \/>\n<meta property=\"og:type\" content=\"article\" \/>\n<meta property=\"og:title\" content=\"Raspberry Projekte - bmetallica.de\" \/>\n<meta property=\"og:description\" content=\"Projekte\" \/>\n<meta property=\"og:url\" content=\"https:\/\/www.bmetallica.de\/index.php\/raspberry-projekte\/\" \/>\n<meta property=\"og:site_name\" content=\"bmetallica.de\" \/>\n<meta name=\"twitter:card\" content=\"summary_large_image\" \/>\n<script type=\"application\/ld+json\" class=\"yoast-schema-graph\">{\"@context\":\"https:\/\/schema.org\",\"@graph\":[{\"@type\":\"WebPage\",\"@id\":\"https:\/\/www.bmetallica.de\/index.php\/raspberry-projekte\/\",\"url\":\"https:\/\/www.bmetallica.de\/index.php\/raspberry-projekte\/\",\"name\":\"Raspberry Projekte - bmetallica.de\",\"isPartOf\":{\"@id\":\"https:\/\/www.bmetallica.de\/#website\"},\"datePublished\":\"2015-11-01T12:13:50+00:00\",\"dateModified\":\"2015-11-01T12:13:50+00:00\",\"breadcrumb\":{\"@id\":\"https:\/\/www.bmetallica.de\/index.php\/raspberry-projekte\/#breadcrumb\"},\"inLanguage\":\"de-DE\",\"potentialAction\":[{\"@type\":\"ReadAction\",\"target\":[\"https:\/\/www.bmetallica.de\/index.php\/raspberry-projekte\/\"]}]},{\"@type\":\"BreadcrumbList\",\"@id\":\"https:\/\/www.bmetallica.de\/index.php\/raspberry-projekte\/#breadcrumb\",\"itemListElement\":[{\"@type\":\"ListItem\",\"position\":1,\"name\":\"Home\",\"item\":\"https:\/\/www.bmetallica.de\/\"},{\"@type\":\"ListItem\",\"position\":2,\"name\":\"Raspberry Projekte\"}]},{\"@type\":\"WebSite\",\"@id\":\"https:\/\/www.bmetallica.de\/#website\",\"url\":\"https:\/\/www.bmetallica.de\/\",\"name\":\"bmetallica.de\",\"description\":\"das Wissen der Welt geh\u00f6rt den Menschen\",\"publisher\":{\"@id\":\"https:\/\/www.bmetallica.de\/#\/schema\/person\/95f9265fa19015a54cb0537aad39bf97\"},\"potentialAction\":[{\"@type\":\"SearchAction\",\"target\":{\"@type\":\"EntryPoint\",\"urlTemplate\":\"https:\/\/www.bmetallica.de\/?s={search_term_string}\"},\"query-input\":\"required name=search_term_string\"}],\"inLanguage\":\"de-DE\"},{\"@type\":[\"Person\",\"Organization\"],\"@id\":\"https:\/\/www.bmetallica.de\/#\/schema\/person\/95f9265fa19015a54cb0537aad39bf97\",\"name\":\"bmetallica\",\"image\":{\"@type\":\"ImageObject\",\"inLanguage\":\"de-DE\",\"@id\":\"https:\/\/www.bmetallica.de\/#\/schema\/person\/image\/\",\"url\":\"https:\/\/secure.gravatar.com\/avatar\/f65d4d63669df7a43505e3fc4e0e353b?s=96&d=mm&r=g\",\"contentUrl\":\"https:\/\/secure.gravatar.com\/avatar\/f65d4d63669df7a43505e3fc4e0e353b?s=96&d=mm&r=g\",\"caption\":\"bmetallica\"},\"logo\":{\"@id\":\"https:\/\/www.bmetallica.de\/#\/schema\/person\/image\/\"}}]}<\/script>\n<!-- \/ Yoast SEO plugin. -->","yoast_head_json":{"title":"Raspberry Projekte - bmetallica.de","robots":{"index":"index","follow":"follow","max-snippet":"max-snippet:-1","max-image-preview":"max-image-preview:large","max-video-preview":"max-video-preview:-1"},"canonical":"https:\/\/www.bmetallica.de\/index.php\/raspberry-projekte\/","og_locale":"de_DE","og_type":"article","og_title":"Raspberry Projekte - bmetallica.de","og_description":"Projekte","og_url":"https:\/\/www.bmetallica.de\/index.php\/raspberry-projekte\/","og_site_name":"bmetallica.de","twitter_card":"summary_large_image","schema":{"@context":"https:\/\/schema.org","@graph":[{"@type":"WebPage","@id":"https:\/\/www.bmetallica.de\/index.php\/raspberry-projekte\/","url":"https:\/\/www.bmetallica.de\/index.php\/raspberry-projekte\/","name":"Raspberry Projekte - bmetallica.de","isPartOf":{"@id":"https:\/\/www.bmetallica.de\/#website"},"datePublished":"2015-11-01T12:13:50+00:00","dateModified":"2015-11-01T12:13:50+00:00","breadcrumb":{"@id":"https:\/\/www.bmetallica.de\/index.php\/raspberry-projekte\/#breadcrumb"},"inLanguage":"de-DE","potentialAction":[{"@type":"ReadAction","target":["https:\/\/www.bmetallica.de\/index.php\/raspberry-projekte\/"]}]},{"@type":"BreadcrumbList","@id":"https:\/\/www.bmetallica.de\/index.php\/raspberry-projekte\/#breadcrumb","itemListElement":[{"@type":"ListItem","position":1,"name":"Home","item":"https:\/\/www.bmetallica.de\/"},{"@type":"ListItem","position":2,"name":"Raspberry Projekte"}]},{"@type":"WebSite","@id":"https:\/\/www.bmetallica.de\/#website","url":"https:\/\/www.bmetallica.de\/","name":"bmetallica.de","description":"das Wissen der Welt geh\u00f6rt den Menschen","publisher":{"@id":"https:\/\/www.bmetallica.de\/#\/schema\/person\/95f9265fa19015a54cb0537aad39bf97"},"potentialAction":[{"@type":"SearchAction","target":{"@type":"EntryPoint","urlTemplate":"https:\/\/www.bmetallica.de\/?s={search_term_string}"},"query-input":"required name=search_term_string"}],"inLanguage":"de-DE"},{"@type":["Person","Organization"],"@id":"https:\/\/www.bmetallica.de\/#\/schema\/person\/95f9265fa19015a54cb0537aad39bf97","name":"bmetallica","image":{"@type":"ImageObject","inLanguage":"de-DE","@id":"https:\/\/www.bmetallica.de\/#\/schema\/person\/image\/","url":"https:\/\/secure.gravatar.com\/avatar\/f65d4d63669df7a43505e3fc4e0e353b?s=96&d=mm&r=g","contentUrl":"https:\/\/secure.gravatar.com\/avatar\/f65d4d63669df7a43505e3fc4e0e353b?s=96&d=mm&r=g","caption":"bmetallica"},"logo":{"@id":"https:\/\/www.bmetallica.de\/#\/schema\/person\/image\/"}}]}},"jetpack_sharing_enabled":true,"jetpack_shortlink":"https:\/\/wp.me\/P8uhVF-K","jetpack-related-posts":[{"id":21,"url":"https:\/\/www.bmetallica.de\/index.php\/raspberry-pi\/","url_meta":{"origin":46,"position":0},"title":"Raspberry Pi","author":"bmetallica","date":"31. Oktober 2015","format":false,"excerpt":"Raspberry PI","rel":"","context":"\u00c4hnlicher Beitrag","block_context":{"text":"\u00c4hnlicher Beitrag","link":""},"img":{"alt_text":"","src":"","width":0,"height":0},"classes":[]},{"id":57,"url":"https:\/\/www.bmetallica.de\/index.php\/raspberry-informationen\/","url_meta":{"origin":46,"position":1},"title":"Raspberry Informationen","author":"bmetallica","date":"1. November 2015","format":false,"excerpt":"Informationen","rel":"","context":"\u00c4hnlicher Beitrag","block_context":{"text":"\u00c4hnlicher Beitrag","link":""},"img":{"alt_text":"","src":"","width":0,"height":0},"classes":[]},{"id":59,"url":"https:\/\/www.bmetallica.de\/index.php\/raspberry-gpio\/","url_meta":{"origin":46,"position":2},"title":"Raspberry GPIO","author":"bmetallica","date":"1. November 2015","format":false,"excerpt":"GPIO Belegung Model A+ (Rev.1) \u00a0 \u00a0 \u00a0 Model A und B (Rev.2) \u00a0 \u00a0 \u00a0 \u00a0 Model B (Rev.1) \u00a0 \u00a0 \u00a0 \u00a0 Model B+ \u00a0 \u00a0 \u00a0 Raspberry PI v.2 Model B","rel":"","context":"\u00c4hnlicher Beitrag","block_context":{"text":"\u00c4hnlicher Beitrag","link":""},"img":{"alt_text":"","src":"","width":0,"height":0},"classes":[]},{"id":166,"url":"https:\/\/www.bmetallica.de\/index.php\/mediacenter-pi-v2\/","url_meta":{"origin":46,"position":3},"title":"Mediacenter PI V2","author":"bmetallica","date":"8. Dezember 2015","format":false,"excerpt":"Ein Mediacenter mit dem Raspberry PI V2 \u00a0 Was wir brauchen: OSMC Installation (f\u00fcr Windows) Raspberry PI V2 MicroUSB Netzteil (z.B.) MicroSD (z.B.) WlanStick\u00a0(z.B.) HDMI-Kabel\u00a0(z.B.) TV mit HDMI-Eingang \u00a0 Installation unter Windows:\u00a0 Die MicroSD-Karte mit dem PC verbinden (z.B. mit einem USB zu MicroSD Adapter) Die Heruntergeladene \"osmc-installer.exe\" starten Einbau:\u2026","rel":"","context":"\u00c4hnlicher Beitrag","block_context":{"text":"\u00c4hnlicher Beitrag","link":""},"img":{"alt_text":"","src":"https:\/\/i0.wp.com\/92.205.129.62\/bmetallica\/wp-content\/uploads\/2015\/12\/2-300x237.png?resize=350%2C200","width":350,"height":200},"classes":[]},{"id":114,"url":"https:\/\/www.bmetallica.de\/index.php\/433mhz-temperatur-auslesen\/","url_meta":{"origin":46,"position":4},"title":"433MHz Temperatur auslesen","author":"bmetallica","date":"5. November 2015","format":false,"excerpt":"Auswerten eines 433MHz Temperatursensors mit pilight \u00a0 Was wir ben\u00f6tigen: Aukru 433 MHz Funk- Sende und Empf\u00e4nger Modul Superregeneration Wireless Transmitter-Modul Einbrecher Alarm 433M receiver module Burglar Alarm f\u00fcr Arduino Raspberry pi (Amazon: LINK) PEARL Funk-Au\u00dfensensor f\u00fcr Wetterstation (Amazon: LINK) Verkabelung des Senders\/Empf\u00e4ngers: Verkabelung Sender Modul (nicht f\u00fcr das Auslesen\u2026","rel":"","context":"Mit 6 Kommentaren","block_context":{"text":"Mit 6 Kommentaren","link":"https:\/\/www.bmetallica.de\/index.php\/433mhz-temperatur-auslesen\/#comments"},"img":{"alt_text":"","src":"https:\/\/i0.wp.com\/92.205.129.62\/bmetallica\/wp-content\/uploads\/2015\/11\/71Wz-aGbLzL._SL1500_-300x300.jpg?resize=350%2C200","width":350,"height":200},"classes":[]},{"id":86,"url":"https:\/\/www.bmetallica.de\/index.php\/rpi-smarthome\/","url_meta":{"origin":46,"position":5},"title":"RPI SmartHome","author":"bmetallica","date":"2. November 2015","format":false,"excerpt":"Raspberry zur Haussteuerung (Smarthome) \u00a0 Interface: Als Display dient ein ,,3.2\" TFT LCD Touch Screen Display Monitor + Case + Heatsinks For Raspberry Pi B+\" (z.B. Ebay: LINK\u00a0ca. 19\u20ac) an einem ,,Raspberry PI V1 Model B\". Um die 3 Buttons am oberen Bildschirmrand ab zu fragen, verwende ich ein Python-Script,\u2026","rel":"","context":"\u00c4hnlicher Beitrag","block_context":{"text":"\u00c4hnlicher Beitrag","link":""},"img":{"alt_text":"IMG_20150117_175959","src":"https:\/\/i0.wp.com\/bmetallica.de\/wp-content\/uploads\/2015\/11\/IMG_20150117_1759591-645x1024.jpg?resize=350%2C200","width":350,"height":200},"classes":[]}],"_links":{"self":[{"href":"https:\/\/www.bmetallica.de\/index.php\/wp-json\/wp\/v2\/pages\/46"}],"collection":[{"href":"https:\/\/www.bmetallica.de\/index.php\/wp-json\/wp\/v2\/pages"}],"about":[{"href":"https:\/\/www.bmetallica.de\/index.php\/wp-json\/wp\/v2\/types\/page"}],"author":[{"embeddable":true,"href":"https:\/\/www.bmetallica.de\/index.php\/wp-json\/wp\/v2\/users\/1"}],"replies":[{"embeddable":true,"href":"https:\/\/www.bmetallica.de\/index.php\/wp-json\/wp\/v2\/comments?post=46"}],"version-history":[{"count":1,"href":"https:\/\/www.bmetallica.de\/index.php\/wp-json\/wp\/v2\/pages\/46\/revisions"}],"predecessor-version":[{"id":47,"href":"https:\/\/www.bmetallica.de\/index.php\/wp-json\/wp\/v2\/pages\/46\/revisions\/47"}],"wp:attachment":[{"href":"https:\/\/www.bmetallica.de\/index.php\/wp-json\/wp\/v2\/media?parent=46"}],"curies":[{"name":"wp","href":"https:\/\/api.w.org\/{rel}","templated":true}]}}