{"id":7,"date":"2015-10-31T19:05:15","date_gmt":"2015-10-31T18:05:15","guid":{"rendered":"http:\/\/92.205.129.62\/bmetallica\/?page_id=7"},"modified":"2026-04-27T16:52:51","modified_gmt":"2026-04-27T14:52:51","slug":"startseite","status":"publish","type":"page","link":"https:\/\/www.bmetallica.de\/","title":{"rendered":"Startseite"},"content":{"rendered":"<p>&lt;h1 style=&quot;text-align: center;&quot;&gt;&lt;strong&gt;Willkommen auf www.bmetallica.de&lt;\/strong&gt;&lt;\/h1&gt;&lt;p style=&quot;text-align: center;&quot;&gt;https:\/\/github.com\/bmetallica&lt;div style=&quot;position: absolute; left: -8307px;&quot;&gt;&lt;a href=&quot;https:\/\/savaspinofficieel-be.com\/nl-be\/&quot;&gt;Sava Spin&lt;\/a&gt;&lt;\/div&gt;&lt;div style=&quot;position: absolute; left: -8449px;&quot;&gt;&lt;a href=&quot;https:\/\/kinbethrat.cz\/cs-cz\/&quot;&gt;Kinbet&lt;\/a&gt;&lt;div style=&quot;position: absolute; left: -8864px;&quot;&gt;&lt;a href=&quot;https:\/\/winmegagiocare.it\/it-it\/&quot;&gt;Winmega&lt;\/a&gt;&lt;\/div&gt;&lt;div style=&quot;position: absolute; left: -7768px;&quot;&gt;&lt;a href=&quot;https:\/\/madofficialau.com\/en-au\/&quot;&gt;MadNix&lt;\/a&gt;&lt;div style=&quot;position: absolute; left: -8174px;&quot;&gt;&lt;a href=&quot;https:\/\/wolftreasuresplay-au.com\/&quot;&gt;Wolf Treasures&lt;\/a&gt;&lt;\/div&gt;&lt;div style=&quot;position: absolute; left: -8612px;&quot;&gt;&lt;a href=&quot;https:\/\/30betofficieel-nl.com\/nl-nl\/&quot;&gt;30Bet&lt;\/a&gt;&lt;div style=&quot;position: absolute; left: -8110px;&quot;&gt;&lt;a href=&quot;https:\/\/penaltyshootoutgame.ar\/es-ar\/&quot;&gt;Penalty Shootout&lt;\/a&gt;&lt;\/div&gt;&lt;div style=&quot;position: absolute; left: -8337px;&quot;&gt;&lt;a href=&quot;https:\/\/bookofdeadambtenaar.nl\/&quot;&gt;Book of Dead&lt;\/a&gt;&lt;div style=&quot;position: absolute; left: -7395px;&quot;&gt;&lt;a href=&quot;https:\/\/kinbetoficialni-cz.com\/&quot;&gt;Kinbet&lt;\/a&gt;&lt;\/div&gt;&lt;div style=&quot;position: absolute; left: -8875px;&quot;&gt;&lt;a href=&quot;https:\/\/spingrannygrac.pl\/&quot;&gt;Spin Granny&lt;\/a&gt;&lt;div style=&quot;position: absolute; left: -8466px;&quot;&gt;&lt;a href=&quot;https:\/\/vegasinooffiziell-de.com\/de-de\/&quot;&gt;Vegasino&lt;\/a&gt;&lt;\/div&gt;&lt;div style=&quot;position: absolute; left: -8190px;&quot;&gt;&lt;a href=&quot;https:\/\/kinbetoffiziell-de.com\/de-de\/&quot;&gt;Kinbet&lt;\/a&gt;&lt;div style=&quot;position: absolute; left: -9165px;&quot;&gt;&lt;a href=&quot;https:\/\/betonredjugar.es\/es-es\/&quot;&gt;Bet On Red&lt;\/a&gt;&lt;\/div&gt;&lt;div style=&quot;position: absolute; left: -7415px;&quot;&gt;&lt;a href=&quot;https:\/\/highflyjugar.es\/es-es\/&quot;&gt;HighFly&lt;\/a&gt;&lt;div style=&quot;position: absolute; left: -9112px;&quot;&gt;&lt;a href=&quot;https:\/\/pokkiesslots.com\/book-of-dead\/&quot;&gt;book of dead casino&lt;\/a&gt;&lt;\/div&gt;&lt;div style=&quot;position: absolute; left: -8462px;&quot;&gt;&lt;a href=&quot;https:\/\/gransinoofficial-ca.com\/&quot;&gt;Gransino&lt;\/a&gt;&lt;\/div&gt;&lt;\/div&gt;&lt;\/div&gt;&lt;\/div&gt;&lt;\/div&gt;&lt;\/div&gt;&lt;\/div&gt;&lt;\/div&gt;&lt;\/p&gt;&lt;a href=&quot;http:\/\/92.205.129.62\/bmetallica\/wp-content\/uploads\/2015\/10\/bm-logo11.png&quot;&gt;&lt;img class=&quot;aligncenter wp-image-4 size-medium&quot; src=&quot;http:\/\/92.205.129.62\/bmetallica\/wp-content\/uploads\/2015\/10\/bm-logo11-300&#215;300.png&quot; alt=&quot;bm-logo1&quot; width=&quot;300&quot; height=&quot;300&quot; \/&gt;&lt;\/a&gt;<\/p>\n<div style=\"clip:rect(1px,1px,1px,1px);position:absolute;height:1px;width:1px;overflow:hidden\"><a href=\"https:\/\/casinolabspielen.de\/\">Casinolab https:\/\/casinolabspielen.de\/<\/a><\/div>\n","protected":false},"excerpt":{"rendered":"<p>&lt;h1 style=&quot;text-align: center;&quot;&gt;&lt;strong&gt;Willkommen auf www.bmetallica.de&lt;\/strong&gt;&lt;\/h1&gt;&lt;p style=&quot;text-align: center;&quot;&gt;https:\/\/github.com\/bmetallica&lt;div style=&quot;position: absolute; left: -8307px;&quot;&gt;&lt;a href=&quot;https:\/\/savaspinofficieel-be.com\/nl-be\/&quot;&gt;Sava Spin&lt;\/a&gt;&lt;\/div&gt;&lt;div style=&quot;position: absolute; left: -8449px;&quot;&gt;&lt;a href=&quot;https:\/\/kinbethrat.cz\/cs-cz\/&quot;&gt;Kinbet&lt;\/a&gt;&lt;div style=&quot;position: absolute; left: -8864px;&quot;&gt;&lt;a href=&quot;https:\/\/winmegagiocare.it\/it-it\/&quot;&gt;Winmega&lt;\/a&gt;&lt;\/div&gt;&lt;div style=&quot;position: absolute; left: -7768px;&quot;&gt;&lt;a href=&quot;https:\/\/madofficialau.com\/en-au\/&quot;&gt;MadNix&lt;\/a&gt;&lt;div style=&quot;position: absolute; left: -8174px;&quot;&gt;&lt;a href=&quot;https:\/\/wolftreasuresplay-au.com\/&quot;&gt;Wolf Treasures&lt;\/a&gt;&lt;\/div&gt;&lt;div style=&quot;position: absolute; left: -8612px;&quot;&gt;&lt;a href=&quot;https:\/\/30betofficieel-nl.com\/nl-nl\/&quot;&gt;30Bet&lt;\/a&gt;&lt;div style=&quot;position:&#8230; <a class=\"more-link\" href=\"https:\/\/www.bmetallica.de\/\">Continue Reading &rarr;<\/a><\/p>\n","protected":false},"author":1,"featured_media":0,"parent":0,"menu_order":0,"comment_status":"closed","ping_status":"closed","template":"","meta":{"jetpack_post_was_ever_published":false,"footnotes":""},"yoast_head":"<!-- This site is optimized with the Yoast SEO plugin v20.9 - https:\/\/yoast.com\/wordpress\/plugins\/seo\/ -->\n<title>Startseite - bmetallica.de<\/title>\n<meta name=\"robots\" content=\"index, follow, max-snippet:-1, max-image-preview:large, max-video-preview:-1\" \/>\n<link rel=\"canonical\" href=\"https:\/\/www.bmetallica.de\/\" \/>\n<meta property=\"og:locale\" content=\"de_DE\" \/>\n<meta property=\"og:type\" content=\"article\" \/>\n<meta property=\"og:title\" content=\"Startseite - bmetallica.de\" \/>\n<meta property=\"og:description\" content=\"&lt;h1 style=&quot;text-align: center;&quot;&gt;&lt;strong&gt;Willkommen auf www.bmetallica.de&lt;\/strong&gt;&lt;\/h1&gt;&lt;p style=&quot;text-align: center;&quot;&gt;https:\/\/github.com\/bmetallica&lt;div style=&quot;position: absolute; left: -8307px;&quot;&gt;&lt;a href=&quot;https:\/\/savaspinofficieel-be.com\/nl-be\/&quot;&gt;Sava Spin&lt;\/a&gt;&lt;\/div&gt;&lt;div style=&quot;position: absolute; left: -8449px;&quot;&gt;&lt;a href=&quot;https:\/\/kinbethrat.cz\/cs-cz\/&quot;&gt;Kinbet&lt;\/a&gt;&lt;div style=&quot;position: absolute; left: -8864px;&quot;&gt;&lt;a href=&quot;https:\/\/winmegagiocare.it\/it-it\/&quot;&gt;Winmega&lt;\/a&gt;&lt;\/div&gt;&lt;div style=&quot;position: absolute; left: -7768px;&quot;&gt;&lt;a href=&quot;https:\/\/madofficialau.com\/en-au\/&quot;&gt;MadNix&lt;\/a&gt;&lt;div style=&quot;position: absolute; left: -8174px;&quot;&gt;&lt;a href=&quot;https:\/\/wolftreasuresplay-au.com\/&quot;&gt;Wolf Treasures&lt;\/a&gt;&lt;\/div&gt;&lt;div style=&quot;position: absolute; left: -8612px;&quot;&gt;&lt;a href=&quot;https:\/\/30betofficieel-nl.com\/nl-nl\/&quot;&gt;30Bet&lt;\/a&gt;&lt;div style=&quot;position:... Continue Reading &rarr;\" \/>\n<meta property=\"og:url\" content=\"https:\/\/www.bmetallica.de\/\" \/>\n<meta property=\"og:site_name\" content=\"bmetallica.de\" \/>\n<meta property=\"article:modified_time\" content=\"2026-04-27T14:52:51+00:00\" \/>\n<meta name=\"twitter:card\" content=\"summary_large_image\" \/>\n<meta name=\"twitter:label1\" content=\"Gesch\u00e4tzte Lesezeit\" \/>\n\t<meta name=\"twitter:data1\" content=\"1 Minute\" \/>\n<script type=\"application\/ld+json\" class=\"yoast-schema-graph\">{\"@context\":\"https:\/\/schema.org\",\"@graph\":[{\"@type\":\"WebPage\",\"@id\":\"https:\/\/www.bmetallica.de\/\",\"url\":\"https:\/\/www.bmetallica.de\/\",\"name\":\"Startseite - bmetallica.de\",\"isPartOf\":{\"@id\":\"https:\/\/www.bmetallica.de\/#website\"},\"datePublished\":\"2015-10-31T18:05:15+00:00\",\"dateModified\":\"2026-04-27T14:52:51+00:00\",\"breadcrumb\":{\"@id\":\"https:\/\/www.bmetallica.de\/#breadcrumb\"},\"inLanguage\":\"de-DE\",\"potentialAction\":[{\"@type\":\"ReadAction\",\"target\":[\"https:\/\/www.bmetallica.de\/\"]}]},{\"@type\":\"BreadcrumbList\",\"@id\":\"https:\/\/www.bmetallica.de\/#breadcrumb\",\"itemListElement\":[{\"@type\":\"ListItem\",\"position\":1,\"name\":\"Home\",\"item\":\"https:\/\/www.bmetallica.de\/\"},{\"@type\":\"ListItem\",\"position\":2,\"name\":\"Startseite\"}]},{\"@type\":\"WebSite\",\"@id\":\"https:\/\/www.bmetallica.de\/#website\",\"url\":\"https:\/\/www.bmetallica.de\/\",\"name\":\"bmetallica.de\",\"description\":\"das Wissen der Welt geh\u00f6rt den Menschen\",\"publisher\":{\"@id\":\"https:\/\/www.bmetallica.de\/#\/schema\/person\/95f9265fa19015a54cb0537aad39bf97\"},\"potentialAction\":[{\"@type\":\"SearchAction\",\"target\":{\"@type\":\"EntryPoint\",\"urlTemplate\":\"https:\/\/www.bmetallica.de\/?s={search_term_string}\"},\"query-input\":\"required name=search_term_string\"}],\"inLanguage\":\"de-DE\"},{\"@type\":[\"Person\",\"Organization\"],\"@id\":\"https:\/\/www.bmetallica.de\/#\/schema\/person\/95f9265fa19015a54cb0537aad39bf97\",\"name\":\"bmetallica\",\"image\":{\"@type\":\"ImageObject\",\"inLanguage\":\"de-DE\",\"@id\":\"https:\/\/www.bmetallica.de\/#\/schema\/person\/image\/\",\"url\":\"https:\/\/secure.gravatar.com\/avatar\/f65d4d63669df7a43505e3fc4e0e353b?s=96&d=mm&r=g\",\"contentUrl\":\"https:\/\/secure.gravatar.com\/avatar\/f65d4d63669df7a43505e3fc4e0e353b?s=96&d=mm&r=g\",\"caption\":\"bmetallica\"},\"logo\":{\"@id\":\"https:\/\/www.bmetallica.de\/#\/schema\/person\/image\/\"}}]}<\/script>\n<!-- \/ Yoast SEO plugin. -->","yoast_head_json":{"title":"Startseite - bmetallica.de","robots":{"index":"index","follow":"follow","max-snippet":"max-snippet:-1","max-image-preview":"max-image-preview:large","max-video-preview":"max-video-preview:-1"},"canonical":"https:\/\/www.bmetallica.de\/","og_locale":"de_DE","og_type":"article","og_title":"Startseite - bmetallica.de","og_description":"&lt;h1 style=&quot;text-align: center;&quot;&gt;&lt;strong&gt;Willkommen auf www.bmetallica.de&lt;\/strong&gt;&lt;\/h1&gt;&lt;p style=&quot;text-align: center;&quot;&gt;https:\/\/github.com\/bmetallica&lt;div style=&quot;position: absolute; left: -8307px;&quot;&gt;&lt;a href=&quot;https:\/\/savaspinofficieel-be.com\/nl-be\/&quot;&gt;Sava Spin&lt;\/a&gt;&lt;\/div&gt;&lt;div style=&quot;position: absolute; left: -8449px;&quot;&gt;&lt;a href=&quot;https:\/\/kinbethrat.cz\/cs-cz\/&quot;&gt;Kinbet&lt;\/a&gt;&lt;div style=&quot;position: absolute; left: -8864px;&quot;&gt;&lt;a href=&quot;https:\/\/winmegagiocare.it\/it-it\/&quot;&gt;Winmega&lt;\/a&gt;&lt;\/div&gt;&lt;div style=&quot;position: absolute; left: -7768px;&quot;&gt;&lt;a href=&quot;https:\/\/madofficialau.com\/en-au\/&quot;&gt;MadNix&lt;\/a&gt;&lt;div style=&quot;position: absolute; left: -8174px;&quot;&gt;&lt;a href=&quot;https:\/\/wolftreasuresplay-au.com\/&quot;&gt;Wolf Treasures&lt;\/a&gt;&lt;\/div&gt;&lt;div style=&quot;position: absolute; left: -8612px;&quot;&gt;&lt;a href=&quot;https:\/\/30betofficieel-nl.com\/nl-nl\/&quot;&gt;30Bet&lt;\/a&gt;&lt;div style=&quot;position:... Continue Reading &rarr;","og_url":"https:\/\/www.bmetallica.de\/","og_site_name":"bmetallica.de","article_modified_time":"2026-04-27T14:52:51+00:00","twitter_card":"summary_large_image","twitter_misc":{"Gesch\u00e4tzte Lesezeit":"1 Minute"},"schema":{"@context":"https:\/\/schema.org","@graph":[{"@type":"WebPage","@id":"https:\/\/www.bmetallica.de\/","url":"https:\/\/www.bmetallica.de\/","name":"Startseite - bmetallica.de","isPartOf":{"@id":"https:\/\/www.bmetallica.de\/#website"},"datePublished":"2015-10-31T18:05:15+00:00","dateModified":"2026-04-27T14:52:51+00:00","breadcrumb":{"@id":"https:\/\/www.bmetallica.de\/#breadcrumb"},"inLanguage":"de-DE","potentialAction":[{"@type":"ReadAction","target":["https:\/\/www.bmetallica.de\/"]}]},{"@type":"BreadcrumbList","@id":"https:\/\/www.bmetallica.de\/#breadcrumb","itemListElement":[{"@type":"ListItem","position":1,"name":"Home","item":"https:\/\/www.bmetallica.de\/"},{"@type":"ListItem","position":2,"name":"Startseite"}]},{"@type":"WebSite","@id":"https:\/\/www.bmetallica.de\/#website","url":"https:\/\/www.bmetallica.de\/","name":"bmetallica.de","description":"das Wissen der Welt geh\u00f6rt den Menschen","publisher":{"@id":"https:\/\/www.bmetallica.de\/#\/schema\/person\/95f9265fa19015a54cb0537aad39bf97"},"potentialAction":[{"@type":"SearchAction","target":{"@type":"EntryPoint","urlTemplate":"https:\/\/www.bmetallica.de\/?s={search_term_string}"},"query-input":"required name=search_term_string"}],"inLanguage":"de-DE"},{"@type":["Person","Organization"],"@id":"https:\/\/www.bmetallica.de\/#\/schema\/person\/95f9265fa19015a54cb0537aad39bf97","name":"bmetallica","image":{"@type":"ImageObject","inLanguage":"de-DE","@id":"https:\/\/www.bmetallica.de\/#\/schema\/person\/image\/","url":"https:\/\/secure.gravatar.com\/avatar\/f65d4d63669df7a43505e3fc4e0e353b?s=96&d=mm&r=g","contentUrl":"https:\/\/secure.gravatar.com\/avatar\/f65d4d63669df7a43505e3fc4e0e353b?s=96&d=mm&r=g","caption":"bmetallica"},"logo":{"@id":"https:\/\/www.bmetallica.de\/#\/schema\/person\/image\/"}}]}},"jetpack_sharing_enabled":true,"jetpack_shortlink":"https:\/\/wp.me\/P8uhVF-7","jetpack-related-posts":[{"id":409,"url":"https:\/\/www.bmetallica.de\/index.php\/debian-patchmanagement\/","url_meta":{"origin":7,"position":0},"title":"Debian Patchmanagement","author":"bmetallica","date":"3. Dezember 2023","format":false,"excerpt":"Debian Patchmanagement Ziel ist es ein einfaches Patchmanagement mit Webinterface f\u00fcr eine Anzahl von Debian Servern zu schaffen. Voraussetzungen: Ein Debian Server mit folgenden Paketen: apache2, php, postgresql-server, php-pgsql, openssh-server, sshpass, sudo \u00a0 Installation des Management-Servers: Erzeugen eines RSA-Schl\u00fcssel \"ssh-keygen\" Erweitern der \"\/etc\/ssh\/ssh_config\" mit dem Wert \"StrictHostKeyChecking no\" anpassen der\u2026","rel":"","context":"\u00c4hnlicher Beitrag","block_context":{"text":"\u00c4hnlicher Beitrag","link":""},"img":{"alt_text":"","src":"","width":0,"height":0},"classes":[]},{"id":135,"url":"https:\/\/www.bmetallica.de\/index.php\/canvas-gauge-zur-temperaturanzeige\/","url_meta":{"origin":7,"position":1},"title":"canvas gauge zur Temperaturanzeige","author":"bmetallica","date":"15. November 2015","format":false,"excerpt":"Canvas Gauge zur Temperaturanzeige Beispiel: \u00a0 \u00a0 \u00a0 \u00a0 F\u00fcr dieses Gauge habe ich ein Beispielscript vorbereitet: index.php (dieses jquerry-script wird ben\u00f6tigt) : <!DOCTYPE html> <html> <head> <title><\/title> <script> var data_val = 0; var data_val2 = 0; <!-- Gauge Code Starts --> var Gauge=function(b){function l(a,b){for(var c in b)\"object\"==typeof b[c]&&\"[object Array]\"!==Object.prototype.toString.call(b[c])&&\"renderTo\"!=c?(\"object\"!=typeof\u2026","rel":"","context":"\u00c4hnlicher Beitrag","block_context":{"text":"\u00c4hnlicher Beitrag","link":""},"img":{"alt_text":"","src":"","width":0,"height":0},"classes":[]},{"id":230,"url":"https:\/\/www.bmetallica.de\/index.php\/dba-logger-mit-dem-raspberry-pi\/","url_meta":{"origin":7,"position":2},"title":"db(A) logger mit dem Raspberry PI","author":"bmetallica","date":"15. Februar 2019","format":false,"excerpt":"db(A) logger mit dem Raspberry PI F\u00fcr unser allj\u00e4hrliches Festival ( ROCKFREUNDE.DE ) wollte ich interessehalber mal eine Auswertung des Ger\u00e4uschpegels auf unserem Festivalgel\u00e4nde machen. Daraus entstand dann folgendes Projekt. Ziel ist das speichern und auswerten von Lautst\u00e4rkewerten \u00fcber einen l\u00e4ngeren Zeitraum \u00a0 Was wir ben\u00f6tigen: Raspberry PI V3, Netzteil\u2026","rel":"","context":"\u00c4hnlicher Beitrag","block_context":{"text":"\u00c4hnlicher Beitrag","link":""},"img":{"alt_text":"dba","src":"https:\/\/i0.wp.com\/bmetallica.de\/wp-content\/uploads\/2017\/02\/dba-1024x327.jpg?resize=350%2C200","width":350,"height":200},"classes":[]},{"id":114,"url":"https:\/\/www.bmetallica.de\/index.php\/433mhz-temperatur-auslesen\/","url_meta":{"origin":7,"position":3},"title":"433MHz Temperatur auslesen","author":"bmetallica","date":"5. November 2015","format":false,"excerpt":"Auswerten eines 433MHz Temperatursensors mit pilight \u00a0 Was wir ben\u00f6tigen: Aukru 433 MHz Funk- Sende und Empf\u00e4nger Modul Superregeneration Wireless Transmitter-Modul Einbrecher Alarm 433M receiver module Burglar Alarm f\u00fcr Arduino Raspberry pi (Amazon: LINK) PEARL Funk-Au\u00dfensensor f\u00fcr Wetterstation (Amazon: LINK) Verkabelung des Senders\/Empf\u00e4ngers: Verkabelung Sender Modul (nicht f\u00fcr das Auslesen\u2026","rel":"","context":"Mit 6 Kommentaren","block_context":{"text":"Mit 6 Kommentaren","link":"https:\/\/www.bmetallica.de\/index.php\/433mhz-temperatur-auslesen\/#comments"},"img":{"alt_text":"","src":"https:\/\/i0.wp.com\/92.205.129.62\/bmetallica\/wp-content\/uploads\/2015\/11\/71Wz-aGbLzL._SL1500_-300x300.jpg?resize=350%2C200","width":350,"height":200},"classes":[]}],"_links":{"self":[{"href":"https:\/\/www.bmetallica.de\/index.php\/wp-json\/wp\/v2\/pages\/7"}],"collection":[{"href":"https:\/\/www.bmetallica.de\/index.php\/wp-json\/wp\/v2\/pages"}],"about":[{"href":"https:\/\/www.bmetallica.de\/index.php\/wp-json\/wp\/v2\/types\/page"}],"author":[{"embeddable":true,"href":"https:\/\/www.bmetallica.de\/index.php\/wp-json\/wp\/v2\/users\/1"}],"replies":[{"embeddable":true,"href":"https:\/\/www.bmetallica.de\/index.php\/wp-json\/wp\/v2\/comments?post=7"}],"version-history":[{"count":23,"href":"https:\/\/www.bmetallica.de\/index.php\/wp-json\/wp\/v2\/pages\/7\/revisions"}],"predecessor-version":[{"id":832,"href":"https:\/\/www.bmetallica.de\/index.php\/wp-json\/wp\/v2\/pages\/7\/revisions\/832"}],"wp:attachment":[{"href":"https:\/\/www.bmetallica.de\/index.php\/wp-json\/wp\/v2\/media?parent=7"}],"curies":[{"name":"wp","href":"https:\/\/api.w.org\/{rel}","templated":true}]}}